{"id":26,"date":"2020-05-10T20:39:53","date_gmt":"2020-05-10T18:39:53","guid":{"rendered":"https:\/\/www.eleanormary.com\/?page_id=26"},"modified":"2025-10-15T15:39:44","modified_gmt":"2025-10-15T13:39:44","slug":"particuliers","status":"publish","type":"page","link":"https:\/\/eleanormary.com\/en\/particuliers\/","title":{"rendered":"Individuals"},"content":{"rendered":"<div data-vc-full-width=\"true\" data-vc-full-width-init=\"false\" data-vc-stretch-content=\"true\" class=\"vc_row wpb_row vc_row-fluid bloclassic kuen vc_custom_1590353434167 vc_row-o-content-middle vc_row-flex\" ><div class=\"wpb_column vc_column_container vc_col-sm-12\"><div class=\"vc_column-inner\"><div class=\"wpb_wrapper\">\n\t<div class=\"wpb_text_column wpb_content_element  wpb_animate_when_almost_visible wpb_fadeIn fadeIn vc_custom_1638989268408 kuen\" >\n\t\t<div class=\"wpb_wrapper\">\n\t\t\t<h3 style=\"text-align: center;\"><\/h3>\n<h3 style=\"text-align: center;\">A classic yachting version of your family event!<\/h3>\n<h3 style=\"text-align: center;\"><\/h3>\n\n\t\t<\/div>\n\t<\/div>\n\n\t<div class=\"wpb_text_column wpb_content_element\" >\n\t\t<div class=\"wpb_wrapper\">\n\t\t\t<p align=\"CENTER\"><span style=\"font-family: Georgia, serif;\"><span style=\"font-size: medium;\">Eleanor Mary welcomes you aboard for authentic cruises in the unspoilt bay of Marseille.<\/span><\/span><\/p>\n<p align=\"CENTER\"><span style=\"font-family: Georgia, serif;\"><span style=\"font-size: medium;\">Mariage, EVJF\/EVG, anniversaire, bapt\u00eame, d\u00e9part en retraite&#8230; Jusqu&rsquo;\u00e0 14 passagers, votre \u00e9v\u00e9nement sur mesure !<\/span><\/span><\/p>\n\n\t\t<\/div>\n\t<\/div>\n<\/div><\/div><\/div><\/div><div class=\"vc_row-full-width vc_clearfix\"><\/div><div class=\"vc_row wpb_row vc_row-fluid vc_custom_1614881698428\" ><div class=\"wpb_column vc_column_container vc_col-sm-4\"><div class=\"vc_column-inner\"><div class=\"wpb_wrapper\">\n\t<div  class=\"wpb_single_image wpb_content_element vc_align_left\">\n\t\t\n\t\t<figure class=\"wpb_wrapper vc_figure\">\n\t\t\t<div class=\"vc_single_image-wrapper   vc_box_border_grey\"><img loading=\"lazy\" decoding=\"async\" class=\"vc_single_image-img\" src=\"https:\/\/eleanormary.com\/wp-content\/uploads\/3partic-450x650.jpg\" width=\"450\" height=\"650\" alt=\"Embarquez pour les plus belles heures de votre \u00e9t\u00e9\" title=\"Embarquez pour les plus belles heures de votre \u00e9t\u00e9\" \/><\/div>\n\t\t<\/figure>\n\t<\/div>\n<\/div><\/div><\/div><div class=\"wpb_column vc_column_container vc_col-sm-4\"><div class=\"vc_column-inner\"><div class=\"wpb_wrapper\">\n\t<div  class=\"wpb_single_image wpb_content_element vc_align_left\">\n\t\t\n\t\t<figure class=\"wpb_wrapper vc_figure\">\n\t\t\t<div class=\"vc_single_image-wrapper   vc_box_border_grey\"><img loading=\"lazy\" decoding=\"async\" class=\"vc_single_image-img\" src=\"https:\/\/eleanormary.com\/wp-content\/uploads\/Capture-de\u0301cran-2022-12-06-a\u0300-18.23.55-450x650.png\" width=\"450\" height=\"650\" alt=\"Capture d\u2019e\u0301cran 2022-12-06 a\u0300 18.23.55\" title=\"Capture d\u2019e\u0301cran 2022-12-06 a\u0300 18.23.55\" \/><\/div>\n\t\t<\/figure>\n\t<\/div>\n<\/div><\/div><\/div><div class=\"wpb_column vc_column_container vc_col-sm-4\"><div class=\"vc_column-inner\"><div class=\"wpb_wrapper\">\n\t<div  class=\"wpb_single_image wpb_content_element vc_align_left\">\n\t\t\n\t\t<figure class=\"wpb_wrapper vc_figure\">\n\t\t\t<div class=\"vc_single_image-wrapper   vc_box_border_grey\"><img loading=\"lazy\" decoding=\"async\" class=\"vc_single_image-img\" src=\"https:\/\/eleanormary.com\/wp-content\/uploads\/Capture-de\u0301cran-2022-09-08-a\u0300-18.51.54-2-450x650.png\" width=\"450\" height=\"650\" alt=\"Capture d\u2019e\u0301cran 2022-09-08 a\u0300 18.51.54\" title=\"Capture d\u2019e\u0301cran 2022-09-08 a\u0300 18.51.54\" \/><\/div>\n\t\t<\/figure>\n\t<\/div>\n<\/div><\/div><\/div><\/div><div data-vc-full-width=\"true\" data-vc-full-width-init=\"false\" class=\"vc_row wpb_row vc_row-fluid bloclassic jaune vc_row-o-content-middle vc_row-flex\" ><div class=\"wpb_column vc_column_container vc_col-sm-12\"><div class=\"vc_column-inner\"><div class=\"wpb_wrapper\">\n\t<div class=\"wpb_text_column wpb_content_element\" >\n\t\t<div class=\"wpb_wrapper\">\n\t\t\t<h3 style=\"text-align: center;\">2 PROGRAMMES, 2 ATMOSPHERES<\/h3>\n\n\t\t<\/div>\n\t<\/div>\n<\/div><\/div><\/div><\/div><div class=\"vc_row-full-width vc_clearfix\"><\/div><div data-vc-full-width=\"true\" data-vc-full-width-init=\"false\" data-vc-stretch-content=\"true\" class=\"vc_row wpb_row vc_row-fluid bloclassic vc_custom_1615464901195 vc_row-o-content-middle vc_row-flex\" ><div class=\"wpb_column vc_column_container vc_col-sm-12\"><div class=\"vc_column-inner\"><div class=\"wpb_wrapper\">\n\t<div class=\"wpb_text_column wpb_content_element  kuen\" >\n\t\t<div class=\"wpb_wrapper\">\n\t\t\t<h3 style=\"text-align: center;\"><\/h3>\n<h3 style=\"text-align: center;\">Day Cruise<\/h3>\n<h4 style=\"text-align: center;\"><span style=\"font-family: Georgia, serif;\">SAILING, SWIMMING AND SUNBATHING<\/span><\/h4>\n<h3 style=\"text-align: center;\"><\/h3>\n\n\t\t<\/div>\n\t<\/div>\n\n\t<div class=\"wpb_text_column wpb_content_element\" >\n\t\t<div class=\"wpb_wrapper\">\n\t\t\t<p align=\"CENTER\"><span style=\"font-family: Georgia, serif;\"><span style=\"font-size: x-large;\"><span style=\"font-size: medium;\">Discover sailing and idleness, Marseille style! <em>\u00e0 la marseillaise<\/em> !<\/span><\/span><\/span><\/p>\n<p align=\"CENTER\"><span style=\"font-family: Georgia, serif;\"><span style=\"font-size: medium;\">Grab your swimming costume, we'll take care of the rest. <\/span><\/span><span style=\"font-family: Georgia, serif;\"><span style=\"font-size: medium;\">We're about to embark on a journey into the heart of nature, where the crew will introduce you to traditional sailing<br \/>\n<\/span><\/span><span style=\"font-family: Georgia, serif;\"><span style=\"font-size: medium;\">and show you some of the most idyllic spots on the coast.<\/span><\/span><\/p>\n<p align=\"CENTER\"><span style=\"font-family: Georgia, serif;\"><span style=\"font-size: medium;\">We'll stop off in paradise to enjoy a day of swimming and relaxation. <\/span><\/span><span style=\"font-family: Georgia, serif;\"><span style=\"font-size: medium;\">You'll be provided with masks, snorkels and flippers!<\/span><\/span><\/p>\n\n\t\t<\/div>\n\t<\/div>\n<\/div><\/div><\/div><\/div><div class=\"vc_row-full-width vc_clearfix\"><\/div><div class=\"vc_row wpb_row vc_row-fluid\" ><div class=\"wpb_column vc_column_container vc_col-sm-4\"><div class=\"vc_column-inner\"><div class=\"wpb_wrapper\">\n\t<div  class=\"wpb_single_image wpb_content_element vc_align_left\">\n\t\t\n\t\t<figure class=\"wpb_wrapper vc_figure\">\n\t\t\t<div class=\"vc_single_image-wrapper   vc_box_border_grey\"><img loading=\"lazy\" decoding=\"async\" class=\"vc_single_image-img\" src=\"https:\/\/eleanormary.com\/wp-content\/uploads\/IMG_5941-scaled-450x650.jpeg\" width=\"450\" height=\"650\" alt=\"IMG_5941\" title=\"IMG_5941\" \/><\/div>\n\t\t<\/figure>\n\t<\/div>\n<\/div><\/div><\/div><div class=\"wpb_column vc_column_container vc_col-sm-4\"><div class=\"vc_column-inner\"><div class=\"wpb_wrapper\">\n\t<div  class=\"wpb_single_image wpb_content_element vc_align_left\">\n\t\t\n\t\t<figure class=\"wpb_wrapper vc_figure\">\n\t\t\t<div class=\"vc_single_image-wrapper   vc_box_border_grey\"><img loading=\"lazy\" decoding=\"async\" class=\"vc_single_image-img\" src=\"https:\/\/eleanormary.com\/wp-content\/uploads\/IMG_4216-copie-1-450x650.png\" width=\"450\" height=\"650\" alt=\"IMG_4216 copie\" title=\"IMG_4216 copie\" \/><\/div>\n\t\t<\/figure>\n\t<\/div>\n<\/div><\/div><\/div><div class=\"wpb_column vc_column_container vc_col-sm-4\"><div class=\"vc_column-inner\"><div class=\"wpb_wrapper\">\n\t<div  class=\"wpb_single_image wpb_content_element vc_align_left\">\n\t\t\n\t\t<figure class=\"wpb_wrapper vc_figure\">\n\t\t\t<div class=\"vc_single_image-wrapper   vc_box_border_grey\"><img loading=\"lazy\" decoding=\"async\" class=\"vc_single_image-img\" src=\"https:\/\/eleanormary.com\/wp-content\/uploads\/IMG_3634-450x650.png\" width=\"450\" height=\"650\" alt=\"IMG_3634\" title=\"IMG_3634\" \/><\/div>\n\t\t<\/figure>\n\t<\/div>\n<\/div><\/div><\/div><\/div><div data-vc-full-width=\"true\" data-vc-full-width-init=\"false\" data-vc-stretch-content=\"true\" class=\"vc_row wpb_row vc_row-fluid bloclassic vc_row-o-content-middle vc_row-flex\" ><div class=\"wpb_column vc_column_container vc_col-sm-12\"><div class=\"vc_column-inner\"><div class=\"wpb_wrapper\">\n\t<div class=\"wpb_text_column wpb_content_element  kuen\" >\n\t\t<div class=\"wpb_wrapper\">\n\t\t\t<h3 style=\"text-align: center;\"><\/h3>\n<h3 style=\"text-align: center;\">Evening Sunset Cruise<\/h3>\n<h4 style=\"text-align: center;\"><span style=\"font-family: Georgia, serif;\">COCKTAIL AT SEA<\/span><\/h4>\n<h3 style=\"text-align: center;\"><\/h3>\n\n\t\t<\/div>\n\t<\/div>\n\n\t<div class=\"wpb_text_column wpb_content_element\" >\n\t\t<div class=\"wpb_wrapper\">\n\t\t\t<p align=\"CENTER\"><strong>\u00a0<\/strong><span style=\"font-family: Georgia, serif;\"><span style=\"font-size: medium;\">Breathtaking skies, the setting sun over the Friuli archipelago, fine wine, the golden silhouette of the city receding into the distance,<\/span><\/span><\/p>\n<p align=\"CENTER\"><span style=\"font-family: Georgia, serif;\"><span style=\"font-size: medium;\">The crew will take you out to sea, where those who want to try their hand at sailing will be able to do so, and the more romantic will be guided by the fullness of the voyage.<\/span><\/span><\/p>\n<p align=\"CENTER\"><span style=\"font-family: Georgia, serif;\"><span style=\"font-size: medium;\">We'll drop anchor in the heart of the Frioul archipelago, where you can admire the sunset. At nightfall, the return to port will be guided by the light of the Good Mother.<\/span><\/span><\/p>\n\n\t\t<\/div>\n\t<\/div>\n<\/div><\/div><\/div><\/div><div class=\"vc_row-full-width vc_clearfix\"><\/div><div class=\"vc_row wpb_row vc_row-fluid\" ><div class=\"wpb_column vc_column_container vc_col-sm-4\"><div class=\"vc_column-inner\"><div class=\"wpb_wrapper\">\n\t<div  class=\"wpb_single_image wpb_content_element vc_align_left\">\n\t\t\n\t\t<figure class=\"wpb_wrapper vc_figure\">\n\t\t\t<div class=\"vc_single_image-wrapper   vc_box_border_grey\"><img loading=\"lazy\" decoding=\"async\" class=\"vc_single_image-img\" src=\"https:\/\/eleanormary.com\/wp-content\/uploads\/IMG_0080-copie-450x650.jpg\" width=\"450\" height=\"650\" alt=\"IMG_0080 copie\" title=\"IMG_0080 copie\" \/><\/div>\n\t\t<\/figure>\n\t<\/div>\n<\/div><\/div><\/div><div class=\"wpb_column vc_column_container vc_col-sm-4\"><div class=\"vc_column-inner\"><div class=\"wpb_wrapper\">\n\t<div  class=\"wpb_single_image wpb_content_element vc_align_left\">\n\t\t\n\t\t<figure class=\"wpb_wrapper vc_figure\">\n\t\t\t<div class=\"vc_single_image-wrapper   vc_box_border_grey\"><img loading=\"lazy\" decoding=\"async\" class=\"vc_single_image-img\" src=\"https:\/\/eleanormary.com\/wp-content\/uploads\/dauphins-nav-450x650.jpg\" width=\"450\" height=\"650\" alt=\"dauphins nav\" title=\"dauphins nav\" \/><\/div>\n\t\t<\/figure>\n\t<\/div>\n<\/div><\/div><\/div><div class=\"wpb_column vc_column_container vc_col-sm-4\"><div class=\"vc_column-inner\"><div class=\"wpb_wrapper\">\n\t<div  class=\"wpb_single_image wpb_content_element vc_align_left\">\n\t\t\n\t\t<figure class=\"wpb_wrapper vc_figure\">\n\t\t\t<div class=\"vc_single_image-wrapper   vc_box_border_grey\"><img loading=\"lazy\" decoding=\"async\" class=\"vc_single_image-img\" src=\"https:\/\/eleanormary.com\/wp-content\/uploads\/EM-baignade-scaled-450x650.jpg\" width=\"450\" height=\"650\" alt=\"EM baignade\" title=\"EM baignade\" \/><\/div>\n\t\t<\/figure>\n\t<\/div>\n<\/div><\/div><\/div><\/div><div data-vc-full-width=\"true\" data-vc-full-width-init=\"false\" data-vc-stretch-content=\"true\" class=\"vc_row wpb_row vc_row-fluid bloclassic tarifs vc_custom_1615465206078 vc_row-o-content-middle vc_row-flex\" ><div class=\"wpb_column vc_column_container vc_col-sm-12\"><div class=\"vc_column-inner vc_custom_1589172001898\"><div class=\"wpb_wrapper\">\n\t<div class=\"wpb_text_column wpb_content_element\" >\n\t\t<div class=\"wpb_wrapper\">\n\t\t\t<p align=\"CENTER\"><b>\u00a0<\/b><\/p>\n\n\t\t<\/div>\n\t<\/div>\n\n\t<div class=\"wpb_text_column wpb_content_element  kuen\" >\n\t\t<div class=\"wpb_wrapper\">\n\t\t\t<h3 style=\"text-align: center;\"><\/h3>\n<h3 style=\"text-align: center;\">Our rates<\/h3>\n<h4 style=\"text-align: center;\"><span style=\"font-family: Georgia, serif;\">EXCLUDING DRINKS AND CATERING<\/span><\/h4>\n<h3 style=\"text-align: center;\"><\/h3>\n\n\t\t<\/div>\n\t<\/div>\n<\/div><\/div><\/div><div class=\"wpb_column vc_column_container vc_col-sm-6\"><div class=\"vc_column-inner vc_custom_1589173923638\"><div class=\"wpb_wrapper\">\n\t<div class=\"wpb_text_column wpb_content_element\" >\n\t\t<div class=\"wpb_wrapper\">\n\t\t\t<h3 style=\"text-align: center;\"><strong>DAY AT SEA<br \/>\n<\/strong>\u00e0 partir de 2 200 \u20ac TTC<\/h3>\n\n\t\t<\/div>\n\t<\/div>\n<\/div><\/div><\/div><div class=\"wpb_column vc_column_container vc_col-sm-6\"><div class=\"vc_column-inner vc_custom_1589819112330\"><div class=\"wpb_wrapper\">\n\t<div class=\"wpb_text_column wpb_content_element\" >\n\t\t<div class=\"wpb_wrapper\">\n\t\t\t<h3 style=\"text-align: center;\"><strong>HALF DAY<br \/>\nOR EVENING AT SEA<br \/>\n<\/strong>\u00e0 partir de 1 600 \u20ac TTC<\/h3>\n\n\t\t<\/div>\n\t<\/div>\n<\/div><\/div><\/div><\/div><div class=\"vc_row-full-width vc_clearfix\"><\/div><div class=\"vc_row wpb_row vc_row-fluid\" ><div class=\"wpb_column vc_column_container vc_col-sm-12\"><div class=\"vc_column-inner\"><div class=\"wpb_wrapper\"><\/div><\/div><\/div><\/div>","protected":false},"excerpt":{"rendered":"Votre \u00e9v\u00e9nement familial version yachting classique ! Eleanor Mary vous accueille \u00e0 bord pour des navigations authentiques dans les joyeux pr\u00e9serv\u00e9s de la baie de Marseille. Mariage, EVJF\/EVG, anniversaire, bapt\u00eame, d\u00e9part en retraite... Jusqu'\u00e0 14 passagers, votre \u00e9v\u00e9nement sur mesure [...]","protected":false},"author":2,"featured_media":0,"parent":0,"menu_order":0,"comment_status":"closed","ping_status":"closed","template":"","meta":{"footnotes":""},"class_list":["post-26","page","type-page","status-publish","hentry"],"yoast_head":"<!-- This site is optimized with the Yoast SEO plugin v25.5 - https:\/\/yoast.com\/wordpress\/plugins\/seo\/ -->\n<title>Prestations Particuliers | Les Voiles d&#039;Eleanor Mary<\/title>\n<meta name=\"description\" content=\"Votre \u00e9v\u00e8nement familial version yachting classique ! Le Don du Vent vous accueille \u00e0 bord pour des navigations authentiques. S\u00e9minaires, r\u00e9unions de travail, redynamisation, r\u00e9ception, d\u00e9tente, incentive\u2026 Avec 44 personnes en mer et 100 personnes \u00e0 quai, le voilier offre une capacit\u00e9 d\u2019accueil rare. En mer ou \u00e0 quai,votre \u00e9v\u00e9nement sur mesure ! Location de Voilier \u00e0 Marseille - Le Don du Vent - Bateau d\u2019Int\u00e9r\u00eat Patrimonial - Parc des Calanques. Contacts : BENO\u00ceT BOUCHET, FANNY BOUCHET, BENO\u00ceT PAYAN\" \/>\n<meta name=\"robots\" content=\"index, follow, max-snippet:-1, max-image-preview:large, max-video-preview:-1\" \/>\n<link rel=\"canonical\" href=\"https:\/\/www.eleanormary.com\/particuliers\/\" \/>\n<meta property=\"og:locale\" content=\"en_GB\" \/>\n<meta property=\"og:type\" content=\"article\" \/>\n<meta property=\"og:title\" content=\"Prestations Particuliers | Les Voiles d&#039;Eleanor Mary\" \/>\n<meta property=\"og:description\" content=\"Votre \u00e9v\u00e8nement familial version yachting classique ! Le Don du Vent vous accueille \u00e0 bord pour des navigations authentiques. S\u00e9minaires, r\u00e9unions de travail, redynamisation, r\u00e9ception, d\u00e9tente, incentive\u2026 Avec 44 personnes en mer et 100 personnes \u00e0 quai, le voilier offre une capacit\u00e9 d\u2019accueil rare. En mer ou \u00e0 quai,votre \u00e9v\u00e9nement sur mesure ! Location de Voilier \u00e0 Marseille - Le Don du Vent - Bateau d\u2019Int\u00e9r\u00eat Patrimonial - Parc des Calanques. Contacts : BENO\u00ceT BOUCHET, FANNY BOUCHET, BENO\u00ceT PAYAN\" \/>\n<meta property=\"og:url\" content=\"https:\/\/www.eleanormary.com\/particuliers\/\" \/>\n<meta property=\"og:site_name\" content=\"Les Voiles d&#039;Eleanor Mary\" \/>\n<meta property=\"article:publisher\" content=\"https:\/\/www.facebook.com\/lesvoilesdeleanormary\/\" \/>\n<meta property=\"article:modified_time\" content=\"2025-10-15T13:39:44+00:00\" \/>\n<meta property=\"og:image\" content=\"https:\/\/eleanormary.com\/wp-content\/uploads\/bg-socialshare-eleanor.png\" \/>\n\t<meta property=\"og:image:width\" content=\"2480\" \/>\n\t<meta property=\"og:image:height\" content=\"869\" \/>\n\t<meta property=\"og:image:type\" content=\"image\/png\" \/>\n<meta name=\"twitter:card\" content=\"summary_large_image\" \/>\n<meta name=\"twitter:label1\" content=\"Estimated reading time\" \/>\n\t<meta name=\"twitter:data1\" content=\"2 minutes\" \/>\n<script type=\"application\/ld+json\" class=\"yoast-schema-graph\">{\"@context\":\"https:\/\/schema.org\",\"@graph\":[{\"@type\":\"WebPage\",\"@id\":\"https:\/\/eleanormary.com\/particuliers\/\",\"url\":\"https:\/\/www.eleanormary.com\/particuliers\/\",\"name\":\"Prestations Particuliers | Les Voiles d&#039;Eleanor Mary\",\"isPartOf\":{\"@id\":\"https:\/\/eleanormary.com\/#website\"},\"datePublished\":\"2020-05-10T18:39:53+00:00\",\"dateModified\":\"2025-10-15T13:39:44+00:00\",\"description\":\"Votre \u00e9v\u00e8nement familial version yachting classique ! Le Don du Vent vous accueille \u00e0 bord pour des navigations authentiques. S\u00e9minaires, r\u00e9unions de travail, redynamisation, r\u00e9ception, d\u00e9tente, incentive\u2026 Avec 44 personnes en mer et 100 personnes \u00e0 quai, le voilier offre une capacit\u00e9 d\u2019accueil rare. En mer ou \u00e0 quai,votre \u00e9v\u00e9nement sur mesure ! Location de Voilier \u00e0 Marseille - Le Don du Vent - Bateau d\u2019Int\u00e9r\u00eat Patrimonial - Parc des Calanques. Contacts : BENO\u00ceT BOUCHET, FANNY BOUCHET, BENO\u00ceT PAYAN\",\"breadcrumb\":{\"@id\":\"https:\/\/www.eleanormary.com\/particuliers\/#breadcrumb\"},\"inLanguage\":\"en-GB\",\"potentialAction\":[{\"@type\":\"ReadAction\",\"target\":[\"https:\/\/www.eleanormary.com\/particuliers\/\"]}]},{\"@type\":\"BreadcrumbList\",\"@id\":\"https:\/\/www.eleanormary.com\/particuliers\/#breadcrumb\",\"itemListElement\":[{\"@type\":\"ListItem\",\"position\":1,\"name\":\"Accueil\",\"item\":\"https:\/\/eleanormary.com\/\"},{\"@type\":\"ListItem\",\"position\":2,\"name\":\"Particuliers\"}]},{\"@type\":\"WebSite\",\"@id\":\"https:\/\/eleanormary.com\/#website\",\"url\":\"https:\/\/eleanormary.com\/\",\"name\":\"Les Voiles d'Eleanor Mary\",\"description\":\"Cotre pilote pi\u00e8ce unique | Construit par Nigel Irens et Ed Burnett | R\u00e9plique du Marguerite T. de 1895\",\"publisher\":{\"@id\":\"https:\/\/eleanormary.com\/#organization\"},\"potentialAction\":[{\"@type\":\"SearchAction\",\"target\":{\"@type\":\"EntryPoint\",\"urlTemplate\":\"https:\/\/eleanormary.com\/?s={search_term_string}\"},\"query-input\":{\"@type\":\"PropertyValueSpecification\",\"valueRequired\":true,\"valueName\":\"search_term_string\"}}],\"inLanguage\":\"en-GB\"},{\"@type\":\"Organization\",\"@id\":\"https:\/\/eleanormary.com\/#organization\",\"name\":\"Eleanormary\",\"url\":\"https:\/\/eleanormary.com\/\",\"logo\":{\"@type\":\"ImageObject\",\"inLanguage\":\"en-GB\",\"@id\":\"https:\/\/eleanormary.com\/#\/schema\/logo\/image\/\",\"url\":\"https:\/\/eleanormary.com\/wp-content\/uploads\/facebook-ledonduvent.jpg\",\"contentUrl\":\"https:\/\/eleanormary.com\/wp-content\/uploads\/facebook-ledonduvent.jpg\",\"width\":1200,\"height\":630,\"caption\":\"Eleanormary\"},\"image\":{\"@id\":\"https:\/\/eleanormary.com\/#\/schema\/logo\/image\/\"},\"sameAs\":[\"https:\/\/www.facebook.com\/lesvoilesdeleanormary\/\"]}]}<\/script>\n<!-- \/ Yoast SEO plugin. -->","yoast_head_json":{"title":"Prestations Particuliers | Les Voiles d&#039;Eleanor Mary","description":"Votre \u00e9v\u00e8nement familial version yachting classique ! Le Don du Vent vous accueille \u00e0 bord pour des navigations authentiques. S\u00e9minaires, r\u00e9unions de travail, redynamisation, r\u00e9ception, d\u00e9tente, incentive\u2026 Avec 44 personnes en mer et 100 personnes \u00e0 quai, le voilier offre une capacit\u00e9 d\u2019accueil rare. En mer ou \u00e0 quai,votre \u00e9v\u00e9nement sur mesure ! Location de Voilier \u00e0 Marseille - Le Don du Vent - Bateau d\u2019Int\u00e9r\u00eat Patrimonial - Parc des Calanques. Contacts : BENO\u00ceT BOUCHET, FANNY BOUCHET, BENO\u00ceT PAYAN","robots":{"index":"index","follow":"follow","max-snippet":"max-snippet:-1","max-image-preview":"max-image-preview:large","max-video-preview":"max-video-preview:-1"},"canonical":"https:\/\/www.eleanormary.com\/particuliers\/","og_locale":"en_GB","og_type":"article","og_title":"Prestations Particuliers | Les Voiles d&#039;Eleanor Mary","og_description":"Votre \u00e9v\u00e8nement familial version yachting classique ! Le Don du Vent vous accueille \u00e0 bord pour des navigations authentiques. S\u00e9minaires, r\u00e9unions de travail, redynamisation, r\u00e9ception, d\u00e9tente, incentive\u2026 Avec 44 personnes en mer et 100 personnes \u00e0 quai, le voilier offre une capacit\u00e9 d\u2019accueil rare. En mer ou \u00e0 quai,votre \u00e9v\u00e9nement sur mesure ! Location de Voilier \u00e0 Marseille - Le Don du Vent - Bateau d\u2019Int\u00e9r\u00eat Patrimonial - Parc des Calanques. Contacts : BENO\u00ceT BOUCHET, FANNY BOUCHET, BENO\u00ceT PAYAN","og_url":"https:\/\/www.eleanormary.com\/particuliers\/","og_site_name":"Les Voiles d&#039;Eleanor Mary","article_publisher":"https:\/\/www.facebook.com\/lesvoilesdeleanormary\/","article_modified_time":"2025-10-15T13:39:44+00:00","og_image":[{"width":2480,"height":869,"url":"https:\/\/eleanormary.com\/wp-content\/uploads\/bg-socialshare-eleanor.png","type":"image\/png"}],"twitter_card":"summary_large_image","twitter_misc":{"Estimated reading time":"2 minutes"},"schema":{"@context":"https:\/\/schema.org","@graph":[{"@type":"WebPage","@id":"https:\/\/eleanormary.com\/particuliers\/","url":"https:\/\/www.eleanormary.com\/particuliers\/","name":"Prestations Particuliers | Les Voiles d&#039;Eleanor Mary","isPartOf":{"@id":"https:\/\/eleanormary.com\/#website"},"datePublished":"2020-05-10T18:39:53+00:00","dateModified":"2025-10-15T13:39:44+00:00","description":"Votre \u00e9v\u00e8nement familial version yachting classique ! Le Don du Vent vous accueille \u00e0 bord pour des navigations authentiques. S\u00e9minaires, r\u00e9unions de travail, redynamisation, r\u00e9ception, d\u00e9tente, incentive\u2026 Avec 44 personnes en mer et 100 personnes \u00e0 quai, le voilier offre une capacit\u00e9 d\u2019accueil rare. En mer ou \u00e0 quai,votre \u00e9v\u00e9nement sur mesure ! Location de Voilier \u00e0 Marseille - Le Don du Vent - Bateau d\u2019Int\u00e9r\u00eat Patrimonial - Parc des Calanques. Contacts : BENO\u00ceT BOUCHET, FANNY BOUCHET, BENO\u00ceT PAYAN","breadcrumb":{"@id":"https:\/\/www.eleanormary.com\/particuliers\/#breadcrumb"},"inLanguage":"en-GB","potentialAction":[{"@type":"ReadAction","target":["https:\/\/www.eleanormary.com\/particuliers\/"]}]},{"@type":"BreadcrumbList","@id":"https:\/\/www.eleanormary.com\/particuliers\/#breadcrumb","itemListElement":[{"@type":"ListItem","position":1,"name":"Accueil","item":"https:\/\/eleanormary.com\/"},{"@type":"ListItem","position":2,"name":"Particuliers"}]},{"@type":"WebSite","@id":"https:\/\/eleanormary.com\/#website","url":"https:\/\/eleanormary.com\/","name":"Les Voiles d'Eleanor Mary","description":"Cotre pilote pi\u00e8ce unique | Construit par Nigel Irens et Ed Burnett | R\u00e9plique du Marguerite T. de 1895","publisher":{"@id":"https:\/\/eleanormary.com\/#organization"},"potentialAction":[{"@type":"SearchAction","target":{"@type":"EntryPoint","urlTemplate":"https:\/\/eleanormary.com\/?s={search_term_string}"},"query-input":{"@type":"PropertyValueSpecification","valueRequired":true,"valueName":"search_term_string"}}],"inLanguage":"en-GB"},{"@type":"Organization","@id":"https:\/\/eleanormary.com\/#organization","name":"Eleanormary","url":"https:\/\/eleanormary.com\/","logo":{"@type":"ImageObject","inLanguage":"en-GB","@id":"https:\/\/eleanormary.com\/#\/schema\/logo\/image\/","url":"https:\/\/eleanormary.com\/wp-content\/uploads\/facebook-ledonduvent.jpg","contentUrl":"https:\/\/eleanormary.com\/wp-content\/uploads\/facebook-ledonduvent.jpg","width":1200,"height":630,"caption":"Eleanormary"},"image":{"@id":"https:\/\/eleanormary.com\/#\/schema\/logo\/image\/"},"sameAs":["https:\/\/www.facebook.com\/lesvoilesdeleanormary\/"]}]}},"_links":{"self":[{"href":"https:\/\/eleanormary.com\/en\/wp-json\/wp\/v2\/pages\/26","targetHints":{"allow":["GET"]}}],"collection":[{"href":"https:\/\/eleanormary.com\/en\/wp-json\/wp\/v2\/pages"}],"about":[{"href":"https:\/\/eleanormary.com\/en\/wp-json\/wp\/v2\/types\/page"}],"author":[{"embeddable":true,"href":"https:\/\/eleanormary.com\/en\/wp-json\/wp\/v2\/users\/2"}],"replies":[{"embeddable":true,"href":"https:\/\/eleanormary.com\/en\/wp-json\/wp\/v2\/comments?post=26"}],"version-history":[{"count":0,"href":"https:\/\/eleanormary.com\/en\/wp-json\/wp\/v2\/pages\/26\/revisions"}],"wp:attachment":[{"href":"https:\/\/eleanormary.com\/en\/wp-json\/wp\/v2\/media?parent=26"}],"curies":[{"name":"wp","href":"https:\/\/api.w.org\/{rel}","templated":true}]}}