{"id":28,"date":"2020-05-10T20:40:21","date_gmt":"2020-05-10T18:40:21","guid":{"rendered":"https:\/\/www.eleanormary.com\/?page_id=28"},"modified":"2025-10-15T15:39:06","modified_gmt":"2025-10-15T13:39:06","slug":"nous","status":"publish","type":"page","link":"https:\/\/eleanormary.com\/en\/nous\/","title":{"rendered":"Us"},"content":{"rendered":"<div class=\"vc_row wpb_row vc_row-fluid bloclassic team vc_custom_1589820544914 vc_column-gap-10 vc_row-o-content-top vc_row-flex\" ><div class=\"wpb_column vc_column_container vc_col-sm-1\/5\"><div class=\"vc_column-inner\"><div class=\"wpb_wrapper\">\n\t<div  class=\"wpb_single_image wpb_content_element vc_align_center  wpb_animate_when_almost_visible wpb_fadeInLeft fadeInLeft\">\n\t\t\n\t\t<figure class=\"wpb_wrapper vc_figure\">\n\t\t\t<div class=\"vc_single_image-wrapper   vc_box_border_grey\"><img loading=\"lazy\" decoding=\"async\" class=\"vc_single_image-img\" src=\"https:\/\/eleanormary.com\/wp-content\/uploads\/photos-site.png\" width=\"161\" height=\"160\" alt=\"photos site\" title=\"photos site\" \/><\/div>\n\t\t<\/figure>\n\t<\/div>\n\n\t<div class=\"wpb_text_column wpb_content_element  wpb_animate_when_almost_visible wpb_fadeIn fadeIn\" >\n\t\t<div class=\"wpb_wrapper\">\n\t\t\t<h3 style=\"text-align: center;\">BENO\u00ceT BOUCHET<\/h3>\n<h4 style=\"text-align: center;\">Owner<\/h4>\n\n\t\t<\/div>\n\t<\/div>\n<\/div><\/div><\/div><div class=\"wpb_column vc_column_container vc_col-sm-1\/5\"><div class=\"vc_column-inner\"><div class=\"wpb_wrapper\">\n\t<div  class=\"wpb_single_image wpb_content_element vc_align_center  wpb_animate_when_almost_visible wpb_fadeInUp fadeInUp\">\n\t\t\n\t\t<figure class=\"wpb_wrapper vc_figure\">\n\t\t\t<div class=\"vc_single_image-wrapper   vc_box_border_grey\"><img loading=\"lazy\" decoding=\"async\" class=\"vc_single_image-img\" src=\"https:\/\/eleanormary.com\/wp-content\/uploads\/photos-site-copie-6.png\" width=\"161\" height=\"161\" alt=\"photos site copie 6\" title=\"photos site copie 6\" \/><\/div>\n\t\t<\/figure>\n\t<\/div>\n\n\t<div class=\"wpb_text_column wpb_content_element  wpb_animate_when_almost_visible wpb_fadeIn fadeIn\" >\n\t\t<div class=\"wpb_wrapper\">\n\t\t\t<h3 style=\"text-align: center;\">FANNY BOUCHET<\/h3>\n<h4 style=\"text-align: center;\">COMMUNICATION<\/h4>\n\n\t\t<\/div>\n\t<\/div>\n<\/div><\/div><\/div><div class=\"wpb_column vc_column_container vc_col-sm-1\/5\"><div class=\"vc_column-inner\"><div class=\"wpb_wrapper\">\n\t<div  class=\"wpb_single_image wpb_content_element vc_align_center  wpb_animate_when_almost_visible wpb_fadeInRight fadeInRight\">\n\t\t\n\t\t<figure class=\"wpb_wrapper vc_figure\">\n\t\t\t<div class=\"vc_single_image-wrapper   vc_box_border_grey\"><img loading=\"lazy\" decoding=\"async\" class=\"vc_single_image-img\" src=\"https:\/\/eleanormary.com\/wp-content\/uploads\/photos-site-copie-4.png\" width=\"164\" height=\"163\" alt=\"photos site copie 4\" title=\"photos site copie 4\" \/><\/div>\n\t\t<\/figure>\n\t<\/div>\n\n\t<div class=\"wpb_text_column wpb_content_element  wpb_animate_when_almost_visible wpb_fadeIn fadeIn\" >\n\t\t<div class=\"wpb_wrapper\">\n\t\t\t<h3 style=\"text-align: center;\">CHLO\u00c9 KAEMMERER<\/h3>\n<h4 style=\"text-align: center;\">ADMINISTRATIVE<\/h4>\n\n\t\t<\/div>\n\t<\/div>\n<\/div><\/div><\/div><div class=\"wpb_column vc_column_container vc_col-sm-1\/5\"><div class=\"vc_column-inner\"><div class=\"wpb_wrapper\">\n\t<div  class=\"wpb_single_image wpb_content_element vc_align_center  wpb_animate_when_almost_visible wpb_fadeInRight fadeInRight\">\n\t\t\n\t\t<figure class=\"wpb_wrapper vc_figure\">\n\t\t\t<div class=\"vc_single_image-wrapper   vc_box_border_grey\"><img loading=\"lazy\" decoding=\"async\" class=\"vc_single_image-img\" src=\"https:\/\/eleanormary.com\/wp-content\/uploads\/photos-site-copie-5.png\" width=\"162\" height=\"162\" alt=\"photos site copie 5\" title=\"photos site copie 5\" \/><\/div>\n\t\t<\/figure>\n\t<\/div>\n\n\t<div class=\"wpb_text_column wpb_content_element  wpb_animate_when_almost_visible wpb_fadeIn fadeIn\" >\n\t\t<div class=\"wpb_wrapper\">\n\t\t\t<h3 style=\"text-align: center;\">C\u00c9LINE HANSMAENNEL<\/h3>\n<h4 style=\"text-align: center;\">SALES<\/h4>\n\n\t\t<\/div>\n\t<\/div>\n<\/div><\/div><\/div><div class=\"wpb_column vc_column_container vc_col-sm-1\/5\"><div class=\"vc_column-inner\"><div class=\"wpb_wrapper\">\n\t<div  class=\"wpb_single_image wpb_content_element vc_align_center  wpb_animate_when_almost_visible wpb_fadeInUp fadeInUp\">\n\t\t\n\t\t<figure class=\"wpb_wrapper vc_figure\">\n\t\t\t<div class=\"vc_single_image-wrapper   vc_box_border_grey\"><img loading=\"lazy\" decoding=\"async\" class=\"vc_single_image-img\" src=\"https:\/\/eleanormary.com\/wp-content\/uploads\/photos-site-copie.png\" width=\"161\" height=\"160\" alt=\"photos site copie\" title=\"photos site copie\" \/><\/div>\n\t\t<\/figure>\n\t<\/div>\n\n\t<div class=\"wpb_text_column wpb_content_element  wpb_animate_when_almost_visible wpb_fadeIn fadeIn\" >\n\t\t<div class=\"wpb_wrapper\">\n\t\t\t<h3 style=\"text-align: center;\">MAXIME THOMAS<\/h3>\n<h4 style=\"text-align: center;\">Captain<\/h4>\n\n\t\t<\/div>\n\t<\/div>\n<\/div><\/div><\/div><\/div><div data-vc-full-width=\"true\" data-vc-full-width-init=\"false\" data-vc-stretch-content=\"true\" class=\"vc_row wpb_row vc_row-fluid jaune vc_row-no-padding\" ><div class=\"wpb_column vc_column_container vc_col-sm-12\"><div class=\"vc_column-inner\"><div class=\"wpb_wrapper\">\n\t<div class=\"wpb_text_column wpb_content_element  vc_custom_1590356871640\" >\n\t\t<div class=\"wpb_wrapper\">\n\t\t\t<h3 style=\"text-align: center;\">Follow us on Instagram<\/h3>\n\n\t\t<\/div>\n\t<\/div>\n\n\t<div class=\"wpb_text_column wpb_content_element\" >\n\t\t<div class=\"wpb_wrapper\">\n\t\t\t\n<div id=\"sb_instagram\"  class=\"sbi sbi_mob_col_1 sbi_tab_col_2 sbi_col_5\" style=\"width: 100%;\"\t data-feedid=\"sbi_7999080590105714#20\"  data-res=\"auto\" data-cols=\"5\" data-colsmobile=\"1\" data-colstablet=\"2\" data-num=\"20\" data-nummobile=\"\" data-item-padding=\"\"\t data-shortcode-atts=\"{}\"  data-postid=\"28\" data-locatornonce=\"1c59ece2ab\" data-imageaspectratio=\"1:1\" data-sbi-flags=\"favorLocal\">\n\t\n\t<div id=\"sbi_images\" >\n\t\t\t<\/div>\n\n\t<div id=\"sbi_load\" >\n\n\t\n\t\t\t<span class=\"sbi_follow_btn\" >\n\t\t\t<a target=\"_blank\"\n\t\t\t\trel=\"nofollow noopener\"  href=\"https:\/\/www.instagram.com\/eleanormary_lesvoiles\/\">\n\t\t\t\t<svg class=\"svg-inline--fa fa-instagram fa-w-14\" aria-hidden=\"true\" data-fa-processed=\"\" aria-label=\"Instagram\" data-prefix=\"fab\" data-icon=\"instagram\" role=\"img\" viewbox=\"0 0 448 512\">\n                    <path fill=\"currentColor\" d=\"M224.1 141c-63.6 0-114.9 51.3-114.9 114.9s51.3 114.9 114.9 114.9S339 319.5 339 255.9 287.7 141 224.1 141zm0 189.6c-41.1 0-74.7-33.5-74.7-74.7s33.5-74.7 74.7-74.7 74.7 33.5 74.7 74.7-33.6 74.7-74.7 74.7zm146.4-194.3c0 14.9-12 26.8-26.8 26.8-14.9 0-26.8-12-26.8-26.8s12-26.8 26.8-26.8 26.8 12 26.8 26.8zm76.1 27.2c-1.7-35.9-9.9-67.7-36.2-93.9-26.2-26.2-58-34.4-93.9-36.2-37-2.1-147.9-2.1-184.9 0-35.8 1.7-67.6 9.9-93.9 36.1s-34.4 58-36.2 93.9c-2.1 37-2.1 147.9 0 184.9 1.7 35.9 9.9 67.7 36.2 93.9s58 34.4 93.9 36.2c37 2.1 147.9 2.1 184.9 0 35.9-1.7 67.7-9.9 93.9-36.2 26.2-26.2 34.4-58 36.2-93.9 2.1-37 2.1-147.8 0-184.8zM398.8 388c-7.8 19.6-22.9 34.7-42.6 42.6-29.5 11.7-99.5 9-132.1 9s-102.7 2.6-132.1-9c-19.6-7.8-34.7-22.9-42.6-42.6-11.7-29.5-9-99.5-9-132.1s-2.6-102.7 9-132.1c7.8-19.6 22.9-34.7 42.6-42.6 29.5-11.7 99.5-9 132.1-9s102.7-2.6 132.1 9c19.6 7.8 34.7 22.9 42.6 42.6 11.7 29.5 9 99.5 9 132.1s2.7 102.7-9 132.1z\"><\/path>\n                <\/svg>\t\t\t\t<span>Suivez sur Instagram<\/span>\n\t\t\t<\/a>\n\t\t<\/span>\n\t\n<\/div>\n\t\t<span class=\"sbi_resized_image_data\" data-feed-id=\"sbi_7999080590105714#20\"\n\t\t  data-resized=\"[]\">\n\t<\/span>\n\t<\/div>\n\n\n\n\t\t<\/div>\n\t<\/div>\n<\/div><\/div><\/div><\/div><div class=\"vc_row-full-width vc_clearfix\"><\/div>","protected":false},"excerpt":{"rendered":"BENO\u00ceT BOUCHET Propri\u00e9taire FANNY BOUCHET Communication CHLO\u00c9 KAEMMERER Administratif C\u00c9LINE HANSMAENNEL Commercial MAXIME THOMAS Capitaine Suivez-nous sur Instagram Suivez sur Instagram","protected":false},"author":2,"featured_media":0,"parent":0,"menu_order":0,"comment_status":"closed","ping_status":"closed","template":"","meta":{"footnotes":""},"class_list":["post-28","page","type-page","status-publish","hentry"],"yoast_head":"<!-- This site is optimized with the Yoast SEO plugin v25.5 - https:\/\/yoast.com\/wordpress\/plugins\/seo\/ -->\n<title>Nous | Les Voiles d&#039;Eleanor Mary<\/title>\n<meta name=\"description\" content=\"Contactez Le Don du Vent pour devis &amp; informations. Location de Voilier \u00e0 Marseille - Le Don du Vent - Bateau d\u2019Int\u00e9r\u00eat Patrimonial - Parc des Calanques. Contacts : BENO\u00ceT BOUCHET, FANNY BOUCHET, BENO\u00ceT PAYAN\" \/>\n<meta name=\"robots\" content=\"index, follow, max-snippet:-1, max-image-preview:large, max-video-preview:-1\" \/>\n<link rel=\"canonical\" href=\"https:\/\/www.eleanormary.com\/nous\/\" \/>\n<meta property=\"og:locale\" content=\"en_GB\" \/>\n<meta property=\"og:type\" content=\"article\" \/>\n<meta property=\"og:title\" content=\"Nous | Les Voiles d&#039;Eleanor Mary\" \/>\n<meta property=\"og:description\" content=\"Contactez Le Don du Vent pour devis &amp; informations. Location de Voilier \u00e0 Marseille - Le Don du Vent - Bateau d\u2019Int\u00e9r\u00eat Patrimonial - Parc des Calanques. Contacts : BENO\u00ceT BOUCHET, FANNY BOUCHET, BENO\u00ceT PAYAN\" \/>\n<meta property=\"og:url\" content=\"https:\/\/www.eleanormary.com\/nous\/\" \/>\n<meta property=\"og:site_name\" content=\"Les Voiles d&#039;Eleanor Mary\" \/>\n<meta property=\"article:publisher\" content=\"https:\/\/www.facebook.com\/lesvoilesdeleanormary\/\" \/>\n<meta property=\"article:modified_time\" content=\"2025-10-15T13:39:06+00:00\" \/>\n<meta property=\"og:image\" content=\"https:\/\/eleanormary.com\/wp-content\/uploads\/bg-socialshare-eleanor.png\" \/>\n\t<meta property=\"og:image:width\" content=\"2480\" \/>\n\t<meta property=\"og:image:height\" content=\"869\" \/>\n\t<meta property=\"og:image:type\" content=\"image\/png\" \/>\n<meta name=\"twitter:card\" content=\"summary_large_image\" \/>\n<meta name=\"twitter:label1\" content=\"Estimated reading time\" \/>\n\t<meta name=\"twitter:data1\" content=\"1 minute\" \/>\n<script type=\"application\/ld+json\" class=\"yoast-schema-graph\">{\"@context\":\"https:\/\/schema.org\",\"@graph\":[{\"@type\":\"WebPage\",\"@id\":\"https:\/\/eleanormary.com\/nous\/\",\"url\":\"https:\/\/www.eleanormary.com\/nous\/\",\"name\":\"Nous | Les Voiles d&#039;Eleanor Mary\",\"isPartOf\":{\"@id\":\"https:\/\/eleanormary.com\/#website\"},\"datePublished\":\"2020-05-10T18:40:21+00:00\",\"dateModified\":\"2025-10-15T13:39:06+00:00\",\"description\":\"Contactez Le Don du Vent pour devis & informations. Location de Voilier \u00e0 Marseille - Le Don du Vent - Bateau d\u2019Int\u00e9r\u00eat Patrimonial - Parc des Calanques. Contacts : BENO\u00ceT BOUCHET, FANNY BOUCHET, BENO\u00ceT PAYAN\",\"breadcrumb\":{\"@id\":\"https:\/\/www.eleanormary.com\/nous\/#breadcrumb\"},\"inLanguage\":\"en-GB\",\"potentialAction\":[{\"@type\":\"ReadAction\",\"target\":[\"https:\/\/www.eleanormary.com\/nous\/\"]}]},{\"@type\":\"BreadcrumbList\",\"@id\":\"https:\/\/www.eleanormary.com\/nous\/#breadcrumb\",\"itemListElement\":[{\"@type\":\"ListItem\",\"position\":1,\"name\":\"Accueil\",\"item\":\"https:\/\/eleanormary.com\/\"},{\"@type\":\"ListItem\",\"position\":2,\"name\":\"Nous\"}]},{\"@type\":\"WebSite\",\"@id\":\"https:\/\/eleanormary.com\/#website\",\"url\":\"https:\/\/eleanormary.com\/\",\"name\":\"Les Voiles d'Eleanor Mary\",\"description\":\"Cotre pilote pi\u00e8ce unique | Construit par Nigel Irens et Ed Burnett | R\u00e9plique du Marguerite T. de 1895\",\"publisher\":{\"@id\":\"https:\/\/eleanormary.com\/#organization\"},\"potentialAction\":[{\"@type\":\"SearchAction\",\"target\":{\"@type\":\"EntryPoint\",\"urlTemplate\":\"https:\/\/eleanormary.com\/?s={search_term_string}\"},\"query-input\":{\"@type\":\"PropertyValueSpecification\",\"valueRequired\":true,\"valueName\":\"search_term_string\"}}],\"inLanguage\":\"en-GB\"},{\"@type\":\"Organization\",\"@id\":\"https:\/\/eleanormary.com\/#organization\",\"name\":\"Eleanormary\",\"url\":\"https:\/\/eleanormary.com\/\",\"logo\":{\"@type\":\"ImageObject\",\"inLanguage\":\"en-GB\",\"@id\":\"https:\/\/eleanormary.com\/#\/schema\/logo\/image\/\",\"url\":\"https:\/\/eleanormary.com\/wp-content\/uploads\/facebook-ledonduvent.jpg\",\"contentUrl\":\"https:\/\/eleanormary.com\/wp-content\/uploads\/facebook-ledonduvent.jpg\",\"width\":1200,\"height\":630,\"caption\":\"Eleanormary\"},\"image\":{\"@id\":\"https:\/\/eleanormary.com\/#\/schema\/logo\/image\/\"},\"sameAs\":[\"https:\/\/www.facebook.com\/lesvoilesdeleanormary\/\"]}]}<\/script>\n<!-- \/ Yoast SEO plugin. -->","yoast_head_json":{"title":"Nous | Les Voiles d&#039;Eleanor Mary","description":"Contactez Le Don du Vent pour devis & informations. Location de Voilier \u00e0 Marseille - Le Don du Vent - Bateau d\u2019Int\u00e9r\u00eat Patrimonial - Parc des Calanques. Contacts : BENO\u00ceT BOUCHET, FANNY BOUCHET, BENO\u00ceT PAYAN","robots":{"index":"index","follow":"follow","max-snippet":"max-snippet:-1","max-image-preview":"max-image-preview:large","max-video-preview":"max-video-preview:-1"},"canonical":"https:\/\/www.eleanormary.com\/nous\/","og_locale":"en_GB","og_type":"article","og_title":"Nous | Les Voiles d&#039;Eleanor Mary","og_description":"Contactez Le Don du Vent pour devis & informations. Location de Voilier \u00e0 Marseille - Le Don du Vent - Bateau d\u2019Int\u00e9r\u00eat Patrimonial - Parc des Calanques. Contacts : BENO\u00ceT BOUCHET, FANNY BOUCHET, BENO\u00ceT PAYAN","og_url":"https:\/\/www.eleanormary.com\/nous\/","og_site_name":"Les Voiles d&#039;Eleanor Mary","article_publisher":"https:\/\/www.facebook.com\/lesvoilesdeleanormary\/","article_modified_time":"2025-10-15T13:39:06+00:00","og_image":[{"width":2480,"height":869,"url":"https:\/\/eleanormary.com\/wp-content\/uploads\/bg-socialshare-eleanor.png","type":"image\/png"}],"twitter_card":"summary_large_image","twitter_misc":{"Estimated reading time":"1 minute"},"schema":{"@context":"https:\/\/schema.org","@graph":[{"@type":"WebPage","@id":"https:\/\/eleanormary.com\/nous\/","url":"https:\/\/www.eleanormary.com\/nous\/","name":"Nous | Les Voiles d&#039;Eleanor Mary","isPartOf":{"@id":"https:\/\/eleanormary.com\/#website"},"datePublished":"2020-05-10T18:40:21+00:00","dateModified":"2025-10-15T13:39:06+00:00","description":"Contactez Le Don du Vent pour devis & informations. Location de Voilier \u00e0 Marseille - Le Don du Vent - Bateau d\u2019Int\u00e9r\u00eat Patrimonial - Parc des Calanques. Contacts : BENO\u00ceT BOUCHET, FANNY BOUCHET, BENO\u00ceT PAYAN","breadcrumb":{"@id":"https:\/\/www.eleanormary.com\/nous\/#breadcrumb"},"inLanguage":"en-GB","potentialAction":[{"@type":"ReadAction","target":["https:\/\/www.eleanormary.com\/nous\/"]}]},{"@type":"BreadcrumbList","@id":"https:\/\/www.eleanormary.com\/nous\/#breadcrumb","itemListElement":[{"@type":"ListItem","position":1,"name":"Accueil","item":"https:\/\/eleanormary.com\/"},{"@type":"ListItem","position":2,"name":"Nous"}]},{"@type":"WebSite","@id":"https:\/\/eleanormary.com\/#website","url":"https:\/\/eleanormary.com\/","name":"Les Voiles d'Eleanor Mary","description":"Cotre pilote pi\u00e8ce unique | Construit par Nigel Irens et Ed Burnett | R\u00e9plique du Marguerite T. de 1895","publisher":{"@id":"https:\/\/eleanormary.com\/#organization"},"potentialAction":[{"@type":"SearchAction","target":{"@type":"EntryPoint","urlTemplate":"https:\/\/eleanormary.com\/?s={search_term_string}"},"query-input":{"@type":"PropertyValueSpecification","valueRequired":true,"valueName":"search_term_string"}}],"inLanguage":"en-GB"},{"@type":"Organization","@id":"https:\/\/eleanormary.com\/#organization","name":"Eleanormary","url":"https:\/\/eleanormary.com\/","logo":{"@type":"ImageObject","inLanguage":"en-GB","@id":"https:\/\/eleanormary.com\/#\/schema\/logo\/image\/","url":"https:\/\/eleanormary.com\/wp-content\/uploads\/facebook-ledonduvent.jpg","contentUrl":"https:\/\/eleanormary.com\/wp-content\/uploads\/facebook-ledonduvent.jpg","width":1200,"height":630,"caption":"Eleanormary"},"image":{"@id":"https:\/\/eleanormary.com\/#\/schema\/logo\/image\/"},"sameAs":["https:\/\/www.facebook.com\/lesvoilesdeleanormary\/"]}]}},"_links":{"self":[{"href":"https:\/\/eleanormary.com\/en\/wp-json\/wp\/v2\/pages\/28","targetHints":{"allow":["GET"]}}],"collection":[{"href":"https:\/\/eleanormary.com\/en\/wp-json\/wp\/v2\/pages"}],"about":[{"href":"https:\/\/eleanormary.com\/en\/wp-json\/wp\/v2\/types\/page"}],"author":[{"embeddable":true,"href":"https:\/\/eleanormary.com\/en\/wp-json\/wp\/v2\/users\/2"}],"replies":[{"embeddable":true,"href":"https:\/\/eleanormary.com\/en\/wp-json\/wp\/v2\/comments?post=28"}],"version-history":[{"count":0,"href":"https:\/\/eleanormary.com\/en\/wp-json\/wp\/v2\/pages\/28\/revisions"}],"wp:attachment":[{"href":"https:\/\/eleanormary.com\/en\/wp-json\/wp\/v2\/media?parent=28"}],"curies":[{"name":"wp","href":"https:\/\/api.w.org\/{rel}","templated":true}]}}