{"id":2976,"date":"2023-07-06T18:47:07","date_gmt":"2023-07-06T16:47:07","guid":{"rendered":"https:\/\/ledonduvent.com\/?page_id=2976"},"modified":"2025-10-15T14:57:55","modified_gmt":"2025-10-15T12:57:55","slug":"billetterie","status":"publish","type":"page","link":"https:\/\/eleanormary.com\/en\/billetterie\/","title":{"rendered":"Ticketing"},"content":{"rendered":"<div class=\"vc_row wpb_row vc_row-fluid\" ><div class=\"wpb_column vc_column_container vc_col-sm-12\"><div class=\"vc_column-inner\"><div class=\"wpb_wrapper\"><div class=\"vc_empty_space\"   style=\"height: 100px\" ><span class=\"vc_empty_space_inner\"><\/span><\/div>\n<\/div><\/div><\/div><\/div><div class=\"vc_row wpb_row vc_row-fluid\" ><div class=\"wpb_column vc_column_container vc_col-sm-12\"><div class=\"vc_column-inner\"><div class=\"wpb_wrapper\"><\/div><\/div><\/div><\/div><div class=\"vc_row wpb_row vc_row-fluid\" ><div class=\"wpb_column vc_column_container vc_col-sm-12\"><div class=\"vc_column-inner\"><div class=\"wpb_wrapper\">\n\t<div class=\"wpb_raw_code wpb_content_element wpb_raw_html\" >\n\t\t<div class=\"wpb_wrapper\">\n\t\t\t<template id=\"product-catalog-widget-styles\">\n  <style>\n    .regiondo-drawer-content {\n      flex: auto;\n    }\n    .regiondo-drawer-content > div:first-child {\n      position : relative;\n      z-index: 10;\n    }\n    .regiondo-drawer-content > div:last-child {\n      position : relative;\n      z-index: 1;\n    }\n    .rdp-table {\n      background: white;\n    }\n  <\/style>\n<\/template>\n\n<product-catalog-widget styles-template-id=\"product-catalog-widget-styles\" widget-id=\"2454ad96-d26f-4793-beff-f591e1c152ce\"><\/product-catalog-widget><script type=\"text\/javascript\" src=\"https:\/\/widgets.regiondo.net\/catalog\/v1\/catalog-widget.min.js\"><\/script>\n\t\t<\/div>\n\t<\/div>\n<\/div><\/div><\/div><\/div><div class=\"vc_row wpb_row vc_row-fluid\" ><div class=\"wpb_column vc_column_container vc_col-sm-12\"><div class=\"vc_column-inner\"><div class=\"wpb_wrapper\"><div class=\"vc_empty_space\"   style=\"height: 100px\" ><span class=\"vc_empty_space_inner\"><\/span><\/div>\n<\/div><\/div><\/div><\/div>","protected":false},"excerpt":{"rendered":".regiondo-drawer-content { flex: auto; } .regiondo-drawer-content > div:first-child { position : relative; z-index: 10; } .regiondo-drawer-content > div:last-child { position : relative; z-index: 1; } .rdp-table { background: white; }","protected":false},"author":4,"featured_media":0,"parent":0,"menu_order":0,"comment_status":"closed","ping_status":"closed","template":"","meta":{"footnotes":""},"class_list":["post-2976","page","type-page","status-publish","hentry"],"yoast_head":"<!-- This site is optimized with the Yoast SEO plugin v25.5 - https:\/\/yoast.com\/wordpress\/plugins\/seo\/ -->\n<title>Billetterie | Les Voiles d&#039;Eleanor Mary<\/title>\n<meta name=\"description\" content=\"R\u00e9servez : Le Don du Vent vous accueille \u00e0 bord pour des navigations authentiques.S\u00e9minaires, r\u00e9unions de travail, redynamisation, r\u00e9ception, d\u00e9tente, incentive\u2026Avec 44 personnes en mer et 100 personnes \u00e0 quai, le voilier offre une capacit\u00e9 d\u2019accueil rare.En mer ou \u00e0 quai,votre \u00e9v\u00e9nement sur mesure ! Location de Voilier \u00e0 Marseille - Le Don du Vent - Bateau d\u2019Int\u00e9r\u00eat Patrimonial - Parc des Calanques. Contacts : BENO\u00ceT BOUCHET, FANNY BOUCHET, BENO\u00ceT PAYAN\" \/>\n<meta name=\"robots\" content=\"index, follow, max-snippet:-1, max-image-preview:large, max-video-preview:-1\" \/>\n<link rel=\"canonical\" href=\"https:\/\/ledonduvent.com\/lesprit-don-du-vent\/\" \/>\n<meta property=\"og:locale\" content=\"en_GB\" \/>\n<meta property=\"og:type\" content=\"article\" \/>\n<meta property=\"og:title\" content=\"Billetterie | Les Voiles d&#039;Eleanor Mary\" \/>\n<meta property=\"og:description\" content=\"R\u00e9servez : Le Don du Vent vous accueille \u00e0 bord pour des navigations authentiques.S\u00e9minaires, r\u00e9unions de travail, redynamisation, r\u00e9ception, d\u00e9tente, incentive\u2026Avec 44 personnes en mer et 100 personnes \u00e0 quai, le voilier offre une capacit\u00e9 d\u2019accueil rare.En mer ou \u00e0 quai,votre \u00e9v\u00e9nement sur mesure ! Location de Voilier \u00e0 Marseille - Le Don du Vent - Bateau d\u2019Int\u00e9r\u00eat Patrimonial - Parc des Calanques. Contacts : BENO\u00ceT BOUCHET, FANNY BOUCHET, BENO\u00ceT PAYAN\" \/>\n<meta property=\"og:url\" content=\"https:\/\/ledonduvent.com\/lesprit-don-du-vent\/\" \/>\n<meta property=\"og:site_name\" content=\"Les Voiles d&#039;Eleanor Mary\" \/>\n<meta property=\"article:publisher\" content=\"https:\/\/www.facebook.com\/lesvoilesdeleanormary\/\" \/>\n<meta property=\"article:modified_time\" content=\"2025-10-15T12:57:55+00:00\" \/>\n<meta property=\"og:image\" content=\"https:\/\/eleanormary.com\/wp-content\/uploads\/bg-socialshare-eleanor.png\" \/>\n\t<meta property=\"og:image:width\" content=\"2480\" \/>\n\t<meta property=\"og:image:height\" content=\"869\" \/>\n\t<meta property=\"og:image:type\" content=\"image\/png\" \/>\n<meta name=\"twitter:card\" content=\"summary_large_image\" \/>\n<meta name=\"twitter:label1\" content=\"Estimated reading time\" \/>\n\t<meta name=\"twitter:data1\" content=\"1 minute\" \/>\n<script type=\"application\/ld+json\" class=\"yoast-schema-graph\">{\"@context\":\"https:\/\/schema.org\",\"@graph\":[{\"@type\":\"WebPage\",\"@id\":\"https:\/\/eleanormary.com\/billetterie\/\",\"url\":\"https:\/\/ledonduvent.com\/lesprit-don-du-vent\/\",\"name\":\"Billetterie | Les Voiles d&#039;Eleanor Mary\",\"isPartOf\":{\"@id\":\"https:\/\/eleanormary.com\/#website\"},\"datePublished\":\"2023-07-06T16:47:07+00:00\",\"dateModified\":\"2025-10-15T12:57:55+00:00\",\"description\":\"R\u00e9servez : Le Don du Vent vous accueille \u00e0 bord pour des navigations authentiques.S\u00e9minaires, r\u00e9unions de travail, redynamisation, r\u00e9ception, d\u00e9tente, incentive\u2026Avec 44 personnes en mer et 100 personnes \u00e0 quai, le voilier offre une capacit\u00e9 d\u2019accueil rare.En mer ou \u00e0 quai,votre \u00e9v\u00e9nement sur mesure ! Location de Voilier \u00e0 Marseille - Le Don du Vent - Bateau d\u2019Int\u00e9r\u00eat Patrimonial - Parc des Calanques. Contacts : BENO\u00ceT BOUCHET, FANNY BOUCHET, BENO\u00ceT PAYAN\",\"breadcrumb\":{\"@id\":\"https:\/\/ledonduvent.com\/lesprit-don-du-vent\/#breadcrumb\"},\"inLanguage\":\"en-GB\",\"potentialAction\":[{\"@type\":\"ReadAction\",\"target\":[\"https:\/\/ledonduvent.com\/lesprit-don-du-vent\/\"]}]},{\"@type\":\"BreadcrumbList\",\"@id\":\"https:\/\/ledonduvent.com\/lesprit-don-du-vent\/#breadcrumb\",\"itemListElement\":[{\"@type\":\"ListItem\",\"position\":1,\"name\":\"Accueil\",\"item\":\"https:\/\/eleanormary.com\/\"},{\"@type\":\"ListItem\",\"position\":2,\"name\":\"Billetterie\"}]},{\"@type\":\"WebSite\",\"@id\":\"https:\/\/eleanormary.com\/#website\",\"url\":\"https:\/\/eleanormary.com\/\",\"name\":\"Les Voiles d'Eleanor Mary\",\"description\":\"Cotre pilote pi\u00e8ce unique | Construit par Nigel Irens et Ed Burnett | R\u00e9plique du Marguerite T. de 1895\",\"publisher\":{\"@id\":\"https:\/\/eleanormary.com\/#organization\"},\"potentialAction\":[{\"@type\":\"SearchAction\",\"target\":{\"@type\":\"EntryPoint\",\"urlTemplate\":\"https:\/\/eleanormary.com\/?s={search_term_string}\"},\"query-input\":{\"@type\":\"PropertyValueSpecification\",\"valueRequired\":true,\"valueName\":\"search_term_string\"}}],\"inLanguage\":\"en-GB\"},{\"@type\":\"Organization\",\"@id\":\"https:\/\/eleanormary.com\/#organization\",\"name\":\"Eleanormary\",\"url\":\"https:\/\/eleanormary.com\/\",\"logo\":{\"@type\":\"ImageObject\",\"inLanguage\":\"en-GB\",\"@id\":\"https:\/\/eleanormary.com\/#\/schema\/logo\/image\/\",\"url\":\"https:\/\/eleanormary.com\/wp-content\/uploads\/facebook-ledonduvent.jpg\",\"contentUrl\":\"https:\/\/eleanormary.com\/wp-content\/uploads\/facebook-ledonduvent.jpg\",\"width\":1200,\"height\":630,\"caption\":\"Eleanormary\"},\"image\":{\"@id\":\"https:\/\/eleanormary.com\/#\/schema\/logo\/image\/\"},\"sameAs\":[\"https:\/\/www.facebook.com\/lesvoilesdeleanormary\/\"]}]}<\/script>\n<!-- \/ Yoast SEO plugin. -->","yoast_head_json":{"title":"Billetterie | Les Voiles d&#039;Eleanor Mary","description":"R\u00e9servez : Le Don du Vent vous accueille \u00e0 bord pour des navigations authentiques.S\u00e9minaires, r\u00e9unions de travail, redynamisation, r\u00e9ception, d\u00e9tente, incentive\u2026Avec 44 personnes en mer et 100 personnes \u00e0 quai, le voilier offre une capacit\u00e9 d\u2019accueil rare.En mer ou \u00e0 quai,votre \u00e9v\u00e9nement sur mesure ! Location de Voilier \u00e0 Marseille - Le Don du Vent - Bateau d\u2019Int\u00e9r\u00eat Patrimonial - Parc des Calanques. Contacts : BENO\u00ceT BOUCHET, FANNY BOUCHET, BENO\u00ceT PAYAN","robots":{"index":"index","follow":"follow","max-snippet":"max-snippet:-1","max-image-preview":"max-image-preview:large","max-video-preview":"max-video-preview:-1"},"canonical":"https:\/\/ledonduvent.com\/lesprit-don-du-vent\/","og_locale":"en_GB","og_type":"article","og_title":"Billetterie | Les Voiles d&#039;Eleanor Mary","og_description":"R\u00e9servez : Le Don du Vent vous accueille \u00e0 bord pour des navigations authentiques.S\u00e9minaires, r\u00e9unions de travail, redynamisation, r\u00e9ception, d\u00e9tente, incentive\u2026Avec 44 personnes en mer et 100 personnes \u00e0 quai, le voilier offre une capacit\u00e9 d\u2019accueil rare.En mer ou \u00e0 quai,votre \u00e9v\u00e9nement sur mesure ! Location de Voilier \u00e0 Marseille - Le Don du Vent - Bateau d\u2019Int\u00e9r\u00eat Patrimonial - Parc des Calanques. Contacts : BENO\u00ceT BOUCHET, FANNY BOUCHET, BENO\u00ceT PAYAN","og_url":"https:\/\/ledonduvent.com\/lesprit-don-du-vent\/","og_site_name":"Les Voiles d&#039;Eleanor Mary","article_publisher":"https:\/\/www.facebook.com\/lesvoilesdeleanormary\/","article_modified_time":"2025-10-15T12:57:55+00:00","og_image":[{"width":2480,"height":869,"url":"https:\/\/eleanormary.com\/wp-content\/uploads\/bg-socialshare-eleanor.png","type":"image\/png"}],"twitter_card":"summary_large_image","twitter_misc":{"Estimated reading time":"1 minute"},"schema":{"@context":"https:\/\/schema.org","@graph":[{"@type":"WebPage","@id":"https:\/\/eleanormary.com\/billetterie\/","url":"https:\/\/ledonduvent.com\/lesprit-don-du-vent\/","name":"Billetterie | Les Voiles d&#039;Eleanor Mary","isPartOf":{"@id":"https:\/\/eleanormary.com\/#website"},"datePublished":"2023-07-06T16:47:07+00:00","dateModified":"2025-10-15T12:57:55+00:00","description":"R\u00e9servez : Le Don du Vent vous accueille \u00e0 bord pour des navigations authentiques.S\u00e9minaires, r\u00e9unions de travail, redynamisation, r\u00e9ception, d\u00e9tente, incentive\u2026Avec 44 personnes en mer et 100 personnes \u00e0 quai, le voilier offre une capacit\u00e9 d\u2019accueil rare.En mer ou \u00e0 quai,votre \u00e9v\u00e9nement sur mesure ! Location de Voilier \u00e0 Marseille - Le Don du Vent - Bateau d\u2019Int\u00e9r\u00eat Patrimonial - Parc des Calanques. Contacts : BENO\u00ceT BOUCHET, FANNY BOUCHET, BENO\u00ceT PAYAN","breadcrumb":{"@id":"https:\/\/ledonduvent.com\/lesprit-don-du-vent\/#breadcrumb"},"inLanguage":"en-GB","potentialAction":[{"@type":"ReadAction","target":["https:\/\/ledonduvent.com\/lesprit-don-du-vent\/"]}]},{"@type":"BreadcrumbList","@id":"https:\/\/ledonduvent.com\/lesprit-don-du-vent\/#breadcrumb","itemListElement":[{"@type":"ListItem","position":1,"name":"Accueil","item":"https:\/\/eleanormary.com\/"},{"@type":"ListItem","position":2,"name":"Billetterie"}]},{"@type":"WebSite","@id":"https:\/\/eleanormary.com\/#website","url":"https:\/\/eleanormary.com\/","name":"Les Voiles d'Eleanor Mary","description":"Cotre pilote pi\u00e8ce unique | Construit par Nigel Irens et Ed Burnett | R\u00e9plique du Marguerite T. de 1895","publisher":{"@id":"https:\/\/eleanormary.com\/#organization"},"potentialAction":[{"@type":"SearchAction","target":{"@type":"EntryPoint","urlTemplate":"https:\/\/eleanormary.com\/?s={search_term_string}"},"query-input":{"@type":"PropertyValueSpecification","valueRequired":true,"valueName":"search_term_string"}}],"inLanguage":"en-GB"},{"@type":"Organization","@id":"https:\/\/eleanormary.com\/#organization","name":"Eleanormary","url":"https:\/\/eleanormary.com\/","logo":{"@type":"ImageObject","inLanguage":"en-GB","@id":"https:\/\/eleanormary.com\/#\/schema\/logo\/image\/","url":"https:\/\/eleanormary.com\/wp-content\/uploads\/facebook-ledonduvent.jpg","contentUrl":"https:\/\/eleanormary.com\/wp-content\/uploads\/facebook-ledonduvent.jpg","width":1200,"height":630,"caption":"Eleanormary"},"image":{"@id":"https:\/\/eleanormary.com\/#\/schema\/logo\/image\/"},"sameAs":["https:\/\/www.facebook.com\/lesvoilesdeleanormary\/"]}]}},"_links":{"self":[{"href":"https:\/\/eleanormary.com\/en\/wp-json\/wp\/v2\/pages\/2976","targetHints":{"allow":["GET"]}}],"collection":[{"href":"https:\/\/eleanormary.com\/en\/wp-json\/wp\/v2\/pages"}],"about":[{"href":"https:\/\/eleanormary.com\/en\/wp-json\/wp\/v2\/types\/page"}],"author":[{"embeddable":true,"href":"https:\/\/eleanormary.com\/en\/wp-json\/wp\/v2\/users\/4"}],"replies":[{"embeddable":true,"href":"https:\/\/eleanormary.com\/en\/wp-json\/wp\/v2\/comments?post=2976"}],"version-history":[{"count":0,"href":"https:\/\/eleanormary.com\/en\/wp-json\/wp\/v2\/pages\/2976\/revisions"}],"wp:attachment":[{"href":"https:\/\/eleanormary.com\/en\/wp-json\/wp\/v2\/media?parent=2976"}],"curies":[{"name":"wp","href":"https:\/\/api.w.org\/{rel}","templated":true}]}}