{"id":3309,"date":"2023-08-10T14:12:04","date_gmt":"2023-08-10T12:12:04","guid":{"rendered":"https:\/\/eleanormary.com\/?page_id=3309"},"modified":"2025-10-15T15:40:03","modified_gmt":"2025-10-15T13:40:03","slug":"politique-de-confidentialite","status":"publish","type":"page","link":"https:\/\/eleanormary.com\/en\/politique-de-confidentialite\/","title":{"rendered":"Privacy policy"},"content":{"rendered":"<div class=\"vc_row wpb_row vc_row-fluid cgv\" ><div class=\"wpb_column vc_column_container vc_col-sm-12\"><div class=\"vc_column-inner\"><div class=\"wpb_wrapper\"><div class=\"vc_empty_space\"   style=\"height: 150px\" ><span class=\"vc_empty_space_inner\"><\/span><\/div>\n\n\t<div class=\"wpb_text_column wpb_content_element\" >\n\t\t<div class=\"wpb_wrapper\">\n\t\t\t<h4>Privacy policy<\/h4>\n<div>\n<p>The website https:\/\/eleanormary.com\/ is owned by ELEANOR MARY, which is a data controller of your personal data.<\/p>\n<p>We have adopted this privacy policy, which sets out how we treat information collected by https:\/\/eleanormary.com\/, and also provides the reasons why we need to collect certain personal data about you. You should therefore read this privacy policy before using the website https:\/\/eleanormary.com\/.<\/p>\n<p>We take care of your personal data and are committed to guaranteeing its confidentiality and security.<\/p>\n<\/div>\n\n\t\t<\/div>\n\t<\/div>\n<div class=\"vc_empty_space\"   style=\"height: 50px\" ><span class=\"vc_empty_space_inner\"><\/span><\/div>\n\n\t<div class=\"wpb_text_column wpb_content_element\" >\n\t\t<div class=\"wpb_wrapper\">\n\t\t\t<h4>The personal information we collect:<\/h4>\n<div>\n<p>When you visit https:\/\/eleanormary.com\/, we automatically collect certain information about your device, including information about your web browser, your IP address, your time zone and some of the cookies installed on your device. In addition, as you browse the site, we collect information about the individual web pages or products you view, the websites or search terms that referred you to the site and how you interact with the site. We refer to this automatically collected information as \"Device Information\". In addition, we may collect personal data that you provide to us (including, but not limited to, name, surname, address, payment information, etc.) during registration in order to perform the contract.<\/p>\n<\/div>\n\n\t\t<\/div>\n\t<\/div>\n<div class=\"vc_empty_space\"   style=\"height: 50px\" ><span class=\"vc_empty_space_inner\"><\/span><\/div>\n\n\t<div class=\"wpb_text_column wpb_content_element\" >\n\t\t<div class=\"wpb_wrapper\">\n\t\t\t<h4>Why do we process your data?<\/h4>\n<div>\n<p>Our top priority is the security of customer data and, as such, we can only process minimal user data, only insofar as this is absolutely necessary to maintain the website. The information collected automatically is used solely to identify potential cases of abuse and to compile statistical information on the use of the website. This statistical information is not otherwise aggregated to identify any particular user of the system.<\/p>\n<p>You can visit the website without telling us who you are or revealing any information by which anyone could identify you as a specific, identifiable individual. However, if you wish to use certain features of the website, or if you wish to receive our newsletter or provide other details by filling in a form, you may provide us with personal data, such as your e-mail address, first name, last name, city of residence, organisation and telephone number. You may choose not to provide us with your personal data, but you may then not be able to take advantage of certain features of the website. For example, you may not be able to receive our newsletter or contact us directly from the website. Users who do not know what information is required are invited to contact us via Bonjour@eleanormary.com.<\/p>\n<\/div>\n\n\t\t<\/div>\n\t<\/div>\n<div class=\"vc_empty_space\"   style=\"height: 50px\" ><span class=\"vc_empty_space_inner\"><\/span><\/div>\n\n\t<div class=\"wpb_text_column wpb_content_element\" >\n\t\t<div class=\"wpb_wrapper\">\n\t\t\t<h4>Your rights :<\/h4>\n<div>\n<p>If you are a European resident, you have the following rights in relation to your personal data:<\/p>\n<ul>\n<li>The right to be informed.<\/li>\n<li>The right of access.<\/li>\n<li>The right of rectification.<\/li>\n<li>The right to erasure.<\/li>\n<li>The right to restrict processing.<\/li>\n<li>The right to data portability.<\/li>\n<li>The right to object.<\/li>\n<li>Rights relating to automated decision-making and profiling.<\/li>\n<\/ul>\n<p>If you wish to exercise this right, please contact us using the details below.<\/p>\n<p>In addition, if you are a European resident, we note that we process your information in order to perform contracts we may have with you (for example, if you place an order through the Site), or otherwise to pursue our legitimate business interests listed above. In addition, please note that your information may be transferred outside Europe, including to Canada and the United States.<\/p>\n<\/div>\n\n\t\t<\/div>\n\t<\/div>\n<div class=\"vc_empty_space\"   style=\"height: 50px\" ><span class=\"vc_empty_space_inner\"><\/span><\/div>\n\n\t<div class=\"wpb_text_column wpb_content_element\" >\n\t\t<div class=\"wpb_wrapper\">\n\t\t\t<h4>Links to other websites :<\/h4>\n<div>\n<p>Our website may contain links to other websites which are not owned or controlled by us. Please be aware that we are not responsible for these other websites or for the privacy practices of third parties. We encourage you to be aware when you leave our website and to read the privacy statements of each and every website that may collect personal information.<\/p>\n<\/div>\n\n\t\t<\/div>\n\t<\/div>\n<div class=\"vc_empty_space\"   style=\"height: 50px\" ><span class=\"vc_empty_space_inner\"><\/span><\/div>\n\n\t<div class=\"wpb_text_column wpb_content_element\" >\n\t\t<div class=\"wpb_wrapper\">\n\t\t\t<h4>Information security :<\/h4>\n<div>\n<p>We secure the information you provide on computer servers in a controlled and secure environment, protected from unauthorised access, use or disclosure. We maintain reasonable administrative, technical and physical safeguards to protect against unauthorised access, use, modification and disclosure of personal data in its control and custody. However, no data transmission over the Internet or a wireless network can be guaranteed.<\/p>\n<\/div>\n\n\t\t<\/div>\n\t<\/div>\n<div class=\"vc_empty_space\"   style=\"height: 50px\" ><span class=\"vc_empty_space_inner\"><\/span><\/div>\n\n\t<div class=\"wpb_text_column wpb_content_element\" >\n\t\t<div class=\"wpb_wrapper\">\n\t\t\t<h4>Legal disclosure :<\/h4>\n<div>\n<p>We will disclose any information we collect, use or receive if required or permitted to do so by law, for example to comply with a subpoena or similar legal process, and when we believe in good faith that disclosure is necessary to protect our rights, your safety or the safety of others, to investigate fraud or to respond to a government request.<\/p>\n<\/div>\n\n\t\t<\/div>\n\t<\/div>\n<div class=\"vc_empty_space\"   style=\"height: 50px\" ><span class=\"vc_empty_space_inner\"><\/span><\/div>\n\n\t<div class=\"wpb_text_column wpb_content_element\" >\n\t\t<div class=\"wpb_wrapper\">\n\t\t\t<h4>Contact information :<\/h4>\n<div>\n<p>If you would like to contact us to understand more about this policy or if you would like to contact us about any issues relating to your individual rights and your personal information, you can send an email to Bonjour@eleanormary.com.<\/p>\n<\/div>\n\n\t\t<\/div>\n\t<\/div>\n<div class=\"vc_empty_space\"   style=\"height: 150px\" ><span class=\"vc_empty_space_inner\"><\/span><\/div>\n<\/div><\/div><\/div><\/div>","protected":false},"excerpt":{"rendered":"Politique de confidentialit\u00e9 Le site web https:\/\/eleanormary.com\/ est d\u00e9tenu par ELEANOR MARY, qui est un contr\u00f4leur de donn\u00e9es de vos donn\u00e9es personnelles. Nous avons adopt\u00e9 cette politique de confidentialit\u00e9, qui d\u00e9termine la mani\u00e8re dont nous traitons les informations collect\u00e9es par [...]","protected":false},"author":4,"featured_media":0,"parent":0,"menu_order":0,"comment_status":"closed","ping_status":"closed","template":"","meta":{"footnotes":""},"class_list":["post-3309","page","type-page","status-publish","hentry"],"yoast_head":"<!-- This site is optimized with the Yoast SEO plugin v25.5 - https:\/\/yoast.com\/wordpress\/plugins\/seo\/ -->\n<title>Politique de confidentialit\u00e9 | Les Voiles d&#039;Eleanor Mary<\/title>\n<meta name=\"robots\" content=\"index, follow, max-snippet:-1, max-image-preview:large, max-video-preview:-1\" \/>\n<link rel=\"canonical\" href=\"https:\/\/eleanormary.com\/en\/politique-de-confidentialite\/\" \/>\n<meta property=\"og:locale\" content=\"en_GB\" \/>\n<meta property=\"og:type\" content=\"article\" \/>\n<meta property=\"og:title\" content=\"Politique de confidentialit\u00e9 | Les Voiles d&#039;Eleanor Mary\" \/>\n<meta property=\"og:url\" content=\"https:\/\/eleanormary.com\/en\/politique-de-confidentialite\/\" \/>\n<meta property=\"og:site_name\" content=\"Les Voiles d&#039;Eleanor Mary\" \/>\n<meta property=\"article:publisher\" content=\"https:\/\/www.facebook.com\/lesvoilesdeleanormary\/\" \/>\n<meta property=\"article:modified_time\" content=\"2025-10-15T13:40:03+00:00\" \/>\n<meta property=\"og:image\" content=\"https:\/\/eleanormary.com\/wp-content\/uploads\/bg-socialshare-eleanor.png\" \/>\n\t<meta property=\"og:image:width\" content=\"2480\" \/>\n\t<meta property=\"og:image:height\" content=\"869\" \/>\n\t<meta property=\"og:image:type\" content=\"image\/png\" \/>\n<meta name=\"twitter:card\" content=\"summary_large_image\" \/>\n<meta name=\"twitter:label1\" content=\"Estimated reading time\" \/>\n\t<meta name=\"twitter:data1\" content=\"5 minutes\" \/>\n<script type=\"application\/ld+json\" class=\"yoast-schema-graph\">{\"@context\":\"https:\/\/schema.org\",\"@graph\":[{\"@type\":\"WebPage\",\"@id\":\"https:\/\/eleanormary.com\/politique-de-confidentialite\/\",\"url\":\"https:\/\/eleanormary.com\/politique-de-confidentialite\/\",\"name\":\"Politique de confidentialit\u00e9 | Les Voiles d&#039;Eleanor Mary\",\"isPartOf\":{\"@id\":\"https:\/\/eleanormary.com\/#website\"},\"datePublished\":\"2023-08-10T12:12:04+00:00\",\"dateModified\":\"2025-10-15T13:40:03+00:00\",\"breadcrumb\":{\"@id\":\"https:\/\/eleanormary.com\/politique-de-confidentialite\/#breadcrumb\"},\"inLanguage\":\"en-GB\",\"potentialAction\":[{\"@type\":\"ReadAction\",\"target\":[\"https:\/\/eleanormary.com\/politique-de-confidentialite\/\"]}]},{\"@type\":\"BreadcrumbList\",\"@id\":\"https:\/\/eleanormary.com\/politique-de-confidentialite\/#breadcrumb\",\"itemListElement\":[{\"@type\":\"ListItem\",\"position\":1,\"name\":\"Accueil\",\"item\":\"https:\/\/eleanormary.com\/\"},{\"@type\":\"ListItem\",\"position\":2,\"name\":\"Politique de confidentialit\u00e9\"}]},{\"@type\":\"WebSite\",\"@id\":\"https:\/\/eleanormary.com\/#website\",\"url\":\"https:\/\/eleanormary.com\/\",\"name\":\"Les Voiles d'Eleanor Mary\",\"description\":\"Cotre pilote pi\u00e8ce unique | Construit par Nigel Irens et Ed Burnett | R\u00e9plique du Marguerite T. de 1895\",\"publisher\":{\"@id\":\"https:\/\/eleanormary.com\/#organization\"},\"potentialAction\":[{\"@type\":\"SearchAction\",\"target\":{\"@type\":\"EntryPoint\",\"urlTemplate\":\"https:\/\/eleanormary.com\/?s={search_term_string}\"},\"query-input\":{\"@type\":\"PropertyValueSpecification\",\"valueRequired\":true,\"valueName\":\"search_term_string\"}}],\"inLanguage\":\"en-GB\"},{\"@type\":\"Organization\",\"@id\":\"https:\/\/eleanormary.com\/#organization\",\"name\":\"Eleanormary\",\"url\":\"https:\/\/eleanormary.com\/\",\"logo\":{\"@type\":\"ImageObject\",\"inLanguage\":\"en-GB\",\"@id\":\"https:\/\/eleanormary.com\/#\/schema\/logo\/image\/\",\"url\":\"https:\/\/eleanormary.com\/wp-content\/uploads\/facebook-ledonduvent.jpg\",\"contentUrl\":\"https:\/\/eleanormary.com\/wp-content\/uploads\/facebook-ledonduvent.jpg\",\"width\":1200,\"height\":630,\"caption\":\"Eleanormary\"},\"image\":{\"@id\":\"https:\/\/eleanormary.com\/#\/schema\/logo\/image\/\"},\"sameAs\":[\"https:\/\/www.facebook.com\/lesvoilesdeleanormary\/\"]}]}<\/script>\n<!-- \/ Yoast SEO plugin. -->","yoast_head_json":{"title":"Politique de confidentialit\u00e9 | Les Voiles d&#039;Eleanor Mary","robots":{"index":"index","follow":"follow","max-snippet":"max-snippet:-1","max-image-preview":"max-image-preview:large","max-video-preview":"max-video-preview:-1"},"canonical":"https:\/\/eleanormary.com\/en\/politique-de-confidentialite\/","og_locale":"en_GB","og_type":"article","og_title":"Politique de confidentialit\u00e9 | Les Voiles d&#039;Eleanor Mary","og_url":"https:\/\/eleanormary.com\/en\/politique-de-confidentialite\/","og_site_name":"Les Voiles d&#039;Eleanor Mary","article_publisher":"https:\/\/www.facebook.com\/lesvoilesdeleanormary\/","article_modified_time":"2025-10-15T13:40:03+00:00","og_image":[{"width":2480,"height":869,"url":"https:\/\/eleanormary.com\/wp-content\/uploads\/bg-socialshare-eleanor.png","type":"image\/png"}],"twitter_card":"summary_large_image","twitter_misc":{"Estimated reading time":"5 minutes"},"schema":{"@context":"https:\/\/schema.org","@graph":[{"@type":"WebPage","@id":"https:\/\/eleanormary.com\/politique-de-confidentialite\/","url":"https:\/\/eleanormary.com\/politique-de-confidentialite\/","name":"Politique de confidentialit\u00e9 | Les Voiles d&#039;Eleanor Mary","isPartOf":{"@id":"https:\/\/eleanormary.com\/#website"},"datePublished":"2023-08-10T12:12:04+00:00","dateModified":"2025-10-15T13:40:03+00:00","breadcrumb":{"@id":"https:\/\/eleanormary.com\/politique-de-confidentialite\/#breadcrumb"},"inLanguage":"en-GB","potentialAction":[{"@type":"ReadAction","target":["https:\/\/eleanormary.com\/politique-de-confidentialite\/"]}]},{"@type":"BreadcrumbList","@id":"https:\/\/eleanormary.com\/politique-de-confidentialite\/#breadcrumb","itemListElement":[{"@type":"ListItem","position":1,"name":"Accueil","item":"https:\/\/eleanormary.com\/"},{"@type":"ListItem","position":2,"name":"Politique de confidentialit\u00e9"}]},{"@type":"WebSite","@id":"https:\/\/eleanormary.com\/#website","url":"https:\/\/eleanormary.com\/","name":"Les Voiles d'Eleanor Mary","description":"Cotre pilote pi\u00e8ce unique | Construit par Nigel Irens et Ed Burnett | R\u00e9plique du Marguerite T. de 1895","publisher":{"@id":"https:\/\/eleanormary.com\/#organization"},"potentialAction":[{"@type":"SearchAction","target":{"@type":"EntryPoint","urlTemplate":"https:\/\/eleanormary.com\/?s={search_term_string}"},"query-input":{"@type":"PropertyValueSpecification","valueRequired":true,"valueName":"search_term_string"}}],"inLanguage":"en-GB"},{"@type":"Organization","@id":"https:\/\/eleanormary.com\/#organization","name":"Eleanormary","url":"https:\/\/eleanormary.com\/","logo":{"@type":"ImageObject","inLanguage":"en-GB","@id":"https:\/\/eleanormary.com\/#\/schema\/logo\/image\/","url":"https:\/\/eleanormary.com\/wp-content\/uploads\/facebook-ledonduvent.jpg","contentUrl":"https:\/\/eleanormary.com\/wp-content\/uploads\/facebook-ledonduvent.jpg","width":1200,"height":630,"caption":"Eleanormary"},"image":{"@id":"https:\/\/eleanormary.com\/#\/schema\/logo\/image\/"},"sameAs":["https:\/\/www.facebook.com\/lesvoilesdeleanormary\/"]}]}},"_links":{"self":[{"href":"https:\/\/eleanormary.com\/en\/wp-json\/wp\/v2\/pages\/3309","targetHints":{"allow":["GET"]}}],"collection":[{"href":"https:\/\/eleanormary.com\/en\/wp-json\/wp\/v2\/pages"}],"about":[{"href":"https:\/\/eleanormary.com\/en\/wp-json\/wp\/v2\/types\/page"}],"author":[{"embeddable":true,"href":"https:\/\/eleanormary.com\/en\/wp-json\/wp\/v2\/users\/4"}],"replies":[{"embeddable":true,"href":"https:\/\/eleanormary.com\/en\/wp-json\/wp\/v2\/comments?post=3309"}],"version-history":[{"count":0,"href":"https:\/\/eleanormary.com\/en\/wp-json\/wp\/v2\/pages\/3309\/revisions"}],"wp:attachment":[{"href":"https:\/\/eleanormary.com\/en\/wp-json\/wp\/v2\/media?parent=3309"}],"curies":[{"name":"wp","href":"https:\/\/api.w.org\/{rel}","templated":true}]}}