{"id":37,"date":"2020-05-10T20:43:34","date_gmt":"2020-05-10T18:43:34","guid":{"rendered":"https:\/\/www.eleanormary.com\/?page_id=37"},"modified":"2025-10-15T15:40:24","modified_gmt":"2025-10-15T13:40:24","slug":"reservation","status":"publish","type":"page","link":"https:\/\/eleanormary.com\/en\/reservation\/","title":{"rendered":"Reservation"},"content":{"rendered":"<div class=\"vc_row wpb_row vc_row-fluid blocontact\" ><div class=\"wpb_column vc_column_container vc_col-sm-12\"><div class=\"vc_column-inner\"><div class=\"wpb_wrapper\">\n\t<div class=\"wpb_text_column wpb_content_element\" >\n\t\t<div class=\"wpb_wrapper\">\n\t\t\t<h4 style=\"text-align: center;\">07 66 10 41 41<\/h4>\n<h4 style=\"text-align: center;\"><a href=\"mailto:bonjour@eleanormary.com\">bonjour@eleanormary.com<\/a><\/h4>\n\n\t\t<\/div>\n\t<\/div>\n\n\t<div class=\"wpb_text_column wpb_content_element\" >\n\t\t<div class=\"wpb_wrapper\">\n\t\t\t<p><a href=\"https:\/\/www.instagram.com\/ledonduvent\/\" target=\"_blank\" rel=\"noopener noreferrer\"><img loading=\"lazy\" decoding=\"async\" class=\"aligncenter size-full wp-image-1101\" src=\"https:\/\/www.eleanormary.com\/wp-content\/uploads\/instagram-bleu-01.png\" alt=\"\" width=\"30\" height=\"30\" \/><\/a><a href=\"https:\/\/www.facebook.com\/ledonduvent\/\" target=\"_blank\" rel=\"noopener noreferrer\"><img loading=\"lazy\" decoding=\"async\" class=\"aligncenter size-full wp-image-1099\" src=\"https:\/\/www.eleanormary.com\/wp-content\/uploads\/facebook-bleu-01.png\" alt=\"\" width=\"30\" height=\"30\" \/><\/a><a href=\"https:\/\/fr.linkedin.com\/in\/benoit-bouchet-8b45052a\" target=\"_blank\" rel=\"noopener noreferrer\"><img loading=\"lazy\" decoding=\"async\" class=\"aligncenter size-full wp-image-1100\" src=\"https:\/\/www.eleanormary.com\/wp-content\/uploads\/linkedin-bleu-01.png\" alt=\"\" width=\"30\" height=\"30\" \/><\/a><\/p>\n\n\t\t<\/div>\n\t<\/div>\n\n<div class=\"wpcf7 no-js\" id=\"wpcf7-f10-o1\" lang=\"fr-FR\" dir=\"ltr\" data-wpcf7-id=\"10\">\n<div class=\"screen-reader-response\"><p role=\"status\" aria-live=\"polite\" aria-atomic=\"true\"><\/p> <ul><\/ul><\/div>\n<form action=\"\/en\/wp-json\/wp\/v2\/pages\/37#wpcf7-f10-o1\" method=\"post\" class=\"wpcf7-form init\" aria-label=\"Formulaire de contact\" novalidate=\"novalidate\" data-status=\"init\" data-trp-original-action=\"\/en\/wp-json\/wp\/v2\/pages\/37#wpcf7-f10-o1\">\n<fieldset class=\"hidden-fields-container\"><input type=\"hidden\" name=\"_wpcf7\" value=\"10\" \/><input type=\"hidden\" name=\"_wpcf7_version\" value=\"6.1\" \/><input type=\"hidden\" name=\"_wpcf7_locale\" value=\"fr_FR\" \/><input type=\"hidden\" name=\"_wpcf7_unit_tag\" value=\"wpcf7-f10-o1\" \/><input type=\"hidden\" name=\"_wpcf7_container_post\" value=\"0\" \/><input type=\"hidden\" name=\"_wpcf7_posted_data_hash\" value=\"\" \/>\n<\/fieldset>\n<p><label><span class=\"wpcf7-form-control-wrap\" data-name=\"your-name\"><input size=\"40\" maxlength=\"400\" class=\"wpcf7-form-control wpcf7-text wpcf7-validates-as-required\" aria-required=\"true\" aria-invalid=\"false\" placeholder=\"Name :\" value=\"\" type=\"text\" name=\"your-name\" \/><\/span><\/label>\n<\/p>\n<p><label><span class=\"wpcf7-form-control-wrap\" data-name=\"your-email\"><input size=\"40\" maxlength=\"400\" class=\"wpcf7-form-control wpcf7-email wpcf7-validates-as-required wpcf7-text wpcf7-validates-as-email\" aria-required=\"true\" aria-invalid=\"false\" placeholder=\"Email :\" value=\"\" type=\"email\" name=\"your-email\" \/><\/span><\/label>\n<\/p>\n<p><label><span class=\"wpcf7-form-control-wrap\" data-name=\"tel-193\"><input size=\"40\" maxlength=\"400\" class=\"wpcf7-form-control wpcf7-tel wpcf7-validates-as-required wpcf7-text wpcf7-validates-as-tel\" aria-required=\"true\" aria-invalid=\"false\" placeholder=\"Telephone number :\" value=\"\" type=\"tel\" name=\"tel-193\" \/><\/span><\/label>\n<\/p>\n<p><label><span class=\"wpcf7-form-control-wrap\" data-name=\"your-message\"><textarea cols=\"40\" rows=\"10\" maxlength=\"2000\" class=\"wpcf7-form-control wpcf7-textarea\" aria-invalid=\"false\" placeholder=\"Message : I am a professional \/ private individual and I would like to reserve the yacht for the following date, number of people, to celebrate...\" name=\"your-message\"><\/textarea><\/span> <\/label>\n<\/p>\n<p style=\"text-align:center;\"><input class=\"wpcf7-form-control wpcf7-submit has-spinner\" type=\"submit\" value=\"SEND\" \/>\n<\/p><div class=\"wpcf7-response-output\" aria-hidden=\"true\"><\/div>\n<input type=\"hidden\" name=\"trp-form-language\" value=\"en\"\/><\/form>\n<\/div>\n<\/div><\/div><\/div><\/div>\n<p style=\"font-weight: 400; text-align: center;\"><b>From Marseille Saint-Charles TGV station : <\/b><span style=\"font-weight: 400;\">Metro M1 to Vieux-Port station or Bus 82S to Fort Saint Jean stop.<br \/>\n<\/span><strong>Parking :<\/strong> Indigo Vieux Port MuCEM, Esplanade du J4, 2 minutes' walk.<\/p>\n<p>&nbsp;<\/p>\n<p>&nbsp;<\/p>","protected":false},"excerpt":{"rendered":"<p>Depuis la gare TGV Marseille Saint-Charles : m\u00e9tro M1 jusqu&rsquo;\u00e0 la station Vieux-Port ou Bus 82S jusqu&rsquo;\u00e0 l&rsquo;arr\u00eat Fort Saint Jean. Parking : Indigo Vieux Port MuCEM, Esplanade du J4, \u00e0 2min \u00e0 pieds. &nbsp; &nbsp;<\/p>","protected":false},"author":2,"featured_media":0,"parent":0,"menu_order":0,"comment_status":"closed","ping_status":"closed","template":"","meta":{"footnotes":""},"class_list":["post-37","page","type-page","status-publish","hentry"],"yoast_head":"<!-- This site is optimized with the Yoast SEO plugin v25.5 - https:\/\/yoast.com\/wordpress\/plugins\/seo\/ -->\n<title>R\u00e9servation | Les Voiles d&#039;Eleanor Mary<\/title>\n<meta name=\"description\" content=\"Contactez Le Don du Vent pour devis &amp; informations. Location de Voilier \u00e0 Marseille - Le Don du Vent - Bateau d\u2019Int\u00e9r\u00eat Patrimonial - Parc des Calanques. Contacts : BENO\u00ceT BOUCHET, FANNY BOUCHET, BENO\u00ceT PAYAN\" \/>\n<meta name=\"robots\" content=\"index, follow, max-snippet:-1, max-image-preview:large, max-video-preview:-1\" \/>\n<link rel=\"canonical\" href=\"https:\/\/www.eleanormary.com\/reservation\/\" \/>\n<meta property=\"og:locale\" content=\"en_GB\" \/>\n<meta property=\"og:type\" content=\"article\" \/>\n<meta property=\"og:title\" content=\"R\u00e9servation | Les Voiles d&#039;Eleanor Mary\" \/>\n<meta property=\"og:description\" content=\"Contactez Le Don du Vent pour devis &amp; informations. Location de Voilier \u00e0 Marseille - Le Don du Vent - Bateau d\u2019Int\u00e9r\u00eat Patrimonial - Parc des Calanques. Contacts : BENO\u00ceT BOUCHET, FANNY BOUCHET, BENO\u00ceT PAYAN\" \/>\n<meta property=\"og:url\" content=\"https:\/\/www.eleanormary.com\/reservation\/\" \/>\n<meta property=\"og:site_name\" content=\"Les Voiles d&#039;Eleanor Mary\" \/>\n<meta property=\"article:publisher\" content=\"https:\/\/www.facebook.com\/lesvoilesdeleanormary\/\" \/>\n<meta property=\"article:modified_time\" content=\"2025-10-15T13:40:24+00:00\" \/>\n<meta property=\"og:image\" content=\"https:\/\/eleanormary.com\/wp-content\/uploads\/bg-socialshare-eleanor.png\" \/>\n\t<meta property=\"og:image:width\" content=\"2480\" \/>\n\t<meta property=\"og:image:height\" content=\"869\" \/>\n\t<meta property=\"og:image:type\" content=\"image\/png\" \/>\n<meta name=\"twitter:card\" content=\"summary_large_image\" \/>\n<meta name=\"twitter:label1\" content=\"Estimated reading time\" \/>\n\t<meta name=\"twitter:data1\" content=\"1 minute\" \/>\n<script type=\"application\/ld+json\" class=\"yoast-schema-graph\">{\"@context\":\"https:\/\/schema.org\",\"@graph\":[{\"@type\":\"WebPage\",\"@id\":\"https:\/\/eleanormary.com\/reservation\/\",\"url\":\"https:\/\/www.eleanormary.com\/reservation\/\",\"name\":\"R\u00e9servation | Les Voiles d&#039;Eleanor Mary\",\"isPartOf\":{\"@id\":\"https:\/\/eleanormary.com\/#website\"},\"primaryImageOfPage\":{\"@id\":\"https:\/\/www.eleanormary.com\/reservation\/#primaryimage\"},\"image\":{\"@id\":\"https:\/\/www.eleanormary.com\/reservation\/#primaryimage\"},\"thumbnailUrl\":\"https:\/\/www.eleanormary.com\/wp-content\/uploads\/instagram-bleu-01.png\",\"datePublished\":\"2020-05-10T18:43:34+00:00\",\"dateModified\":\"2025-10-15T13:40:24+00:00\",\"description\":\"Contactez Le Don du Vent pour devis & informations. Location de Voilier \u00e0 Marseille - Le Don du Vent - Bateau d\u2019Int\u00e9r\u00eat Patrimonial - Parc des Calanques. Contacts : BENO\u00ceT BOUCHET, FANNY BOUCHET, BENO\u00ceT PAYAN\",\"breadcrumb\":{\"@id\":\"https:\/\/www.eleanormary.com\/reservation\/#breadcrumb\"},\"inLanguage\":\"en-GB\",\"potentialAction\":[{\"@type\":\"ReadAction\",\"target\":[\"https:\/\/www.eleanormary.com\/reservation\/\"]}]},{\"@type\":\"ImageObject\",\"inLanguage\":\"en-GB\",\"@id\":\"https:\/\/www.eleanormary.com\/reservation\/#primaryimage\",\"url\":\"https:\/\/www.eleanormary.com\/wp-content\/uploads\/instagram-bleu-01.png\",\"contentUrl\":\"https:\/\/www.eleanormary.com\/wp-content\/uploads\/instagram-bleu-01.png\"},{\"@type\":\"BreadcrumbList\",\"@id\":\"https:\/\/www.eleanormary.com\/reservation\/#breadcrumb\",\"itemListElement\":[{\"@type\":\"ListItem\",\"position\":1,\"name\":\"Accueil\",\"item\":\"https:\/\/eleanormary.com\/\"},{\"@type\":\"ListItem\",\"position\":2,\"name\":\"R\u00e9servation\"}]},{\"@type\":\"WebSite\",\"@id\":\"https:\/\/eleanormary.com\/#website\",\"url\":\"https:\/\/eleanormary.com\/\",\"name\":\"Les Voiles d'Eleanor Mary\",\"description\":\"Cotre pilote pi\u00e8ce unique | Construit par Nigel Irens et Ed Burnett | R\u00e9plique du Marguerite T. de 1895\",\"publisher\":{\"@id\":\"https:\/\/eleanormary.com\/#organization\"},\"potentialAction\":[{\"@type\":\"SearchAction\",\"target\":{\"@type\":\"EntryPoint\",\"urlTemplate\":\"https:\/\/eleanormary.com\/?s={search_term_string}\"},\"query-input\":{\"@type\":\"PropertyValueSpecification\",\"valueRequired\":true,\"valueName\":\"search_term_string\"}}],\"inLanguage\":\"en-GB\"},{\"@type\":\"Organization\",\"@id\":\"https:\/\/eleanormary.com\/#organization\",\"name\":\"Eleanormary\",\"url\":\"https:\/\/eleanormary.com\/\",\"logo\":{\"@type\":\"ImageObject\",\"inLanguage\":\"en-GB\",\"@id\":\"https:\/\/eleanormary.com\/#\/schema\/logo\/image\/\",\"url\":\"https:\/\/eleanormary.com\/wp-content\/uploads\/facebook-ledonduvent.jpg\",\"contentUrl\":\"https:\/\/eleanormary.com\/wp-content\/uploads\/facebook-ledonduvent.jpg\",\"width\":1200,\"height\":630,\"caption\":\"Eleanormary\"},\"image\":{\"@id\":\"https:\/\/eleanormary.com\/#\/schema\/logo\/image\/\"},\"sameAs\":[\"https:\/\/www.facebook.com\/lesvoilesdeleanormary\/\"]}]}<\/script>\n<!-- \/ Yoast SEO plugin. -->","yoast_head_json":{"title":"R\u00e9servation | Les Voiles d&#039;Eleanor Mary","description":"Contactez Le Don du Vent pour devis & informations. Location de Voilier \u00e0 Marseille - Le Don du Vent - Bateau d\u2019Int\u00e9r\u00eat Patrimonial - Parc des Calanques. Contacts : BENO\u00ceT BOUCHET, FANNY BOUCHET, BENO\u00ceT PAYAN","robots":{"index":"index","follow":"follow","max-snippet":"max-snippet:-1","max-image-preview":"max-image-preview:large","max-video-preview":"max-video-preview:-1"},"canonical":"https:\/\/www.eleanormary.com\/reservation\/","og_locale":"en_GB","og_type":"article","og_title":"R\u00e9servation | Les Voiles d&#039;Eleanor Mary","og_description":"Contactez Le Don du Vent pour devis & informations. Location de Voilier \u00e0 Marseille - Le Don du Vent - Bateau d\u2019Int\u00e9r\u00eat Patrimonial - Parc des Calanques. Contacts : BENO\u00ceT BOUCHET, FANNY BOUCHET, BENO\u00ceT PAYAN","og_url":"https:\/\/www.eleanormary.com\/reservation\/","og_site_name":"Les Voiles d&#039;Eleanor Mary","article_publisher":"https:\/\/www.facebook.com\/lesvoilesdeleanormary\/","article_modified_time":"2025-10-15T13:40:24+00:00","og_image":[{"width":2480,"height":869,"url":"https:\/\/eleanormary.com\/wp-content\/uploads\/bg-socialshare-eleanor.png","type":"image\/png"}],"twitter_card":"summary_large_image","twitter_misc":{"Estimated reading time":"1 minute"},"schema":{"@context":"https:\/\/schema.org","@graph":[{"@type":"WebPage","@id":"https:\/\/eleanormary.com\/reservation\/","url":"https:\/\/www.eleanormary.com\/reservation\/","name":"R\u00e9servation | Les Voiles d&#039;Eleanor Mary","isPartOf":{"@id":"https:\/\/eleanormary.com\/#website"},"primaryImageOfPage":{"@id":"https:\/\/www.eleanormary.com\/reservation\/#primaryimage"},"image":{"@id":"https:\/\/www.eleanormary.com\/reservation\/#primaryimage"},"thumbnailUrl":"https:\/\/www.eleanormary.com\/wp-content\/uploads\/instagram-bleu-01.png","datePublished":"2020-05-10T18:43:34+00:00","dateModified":"2025-10-15T13:40:24+00:00","description":"Contactez Le Don du Vent pour devis & informations. Location de Voilier \u00e0 Marseille - Le Don du Vent - Bateau d\u2019Int\u00e9r\u00eat Patrimonial - Parc des Calanques. Contacts : BENO\u00ceT BOUCHET, FANNY BOUCHET, BENO\u00ceT PAYAN","breadcrumb":{"@id":"https:\/\/www.eleanormary.com\/reservation\/#breadcrumb"},"inLanguage":"en-GB","potentialAction":[{"@type":"ReadAction","target":["https:\/\/www.eleanormary.com\/reservation\/"]}]},{"@type":"ImageObject","inLanguage":"en-GB","@id":"https:\/\/www.eleanormary.com\/reservation\/#primaryimage","url":"https:\/\/www.eleanormary.com\/wp-content\/uploads\/instagram-bleu-01.png","contentUrl":"https:\/\/www.eleanormary.com\/wp-content\/uploads\/instagram-bleu-01.png"},{"@type":"BreadcrumbList","@id":"https:\/\/www.eleanormary.com\/reservation\/#breadcrumb","itemListElement":[{"@type":"ListItem","position":1,"name":"Accueil","item":"https:\/\/eleanormary.com\/"},{"@type":"ListItem","position":2,"name":"R\u00e9servation"}]},{"@type":"WebSite","@id":"https:\/\/eleanormary.com\/#website","url":"https:\/\/eleanormary.com\/","name":"Les Voiles d'Eleanor Mary","description":"Cotre pilote pi\u00e8ce unique | Construit par Nigel Irens et Ed Burnett | R\u00e9plique du Marguerite T. de 1895","publisher":{"@id":"https:\/\/eleanormary.com\/#organization"},"potentialAction":[{"@type":"SearchAction","target":{"@type":"EntryPoint","urlTemplate":"https:\/\/eleanormary.com\/?s={search_term_string}"},"query-input":{"@type":"PropertyValueSpecification","valueRequired":true,"valueName":"search_term_string"}}],"inLanguage":"en-GB"},{"@type":"Organization","@id":"https:\/\/eleanormary.com\/#organization","name":"Eleanormary","url":"https:\/\/eleanormary.com\/","logo":{"@type":"ImageObject","inLanguage":"en-GB","@id":"https:\/\/eleanormary.com\/#\/schema\/logo\/image\/","url":"https:\/\/eleanormary.com\/wp-content\/uploads\/facebook-ledonduvent.jpg","contentUrl":"https:\/\/eleanormary.com\/wp-content\/uploads\/facebook-ledonduvent.jpg","width":1200,"height":630,"caption":"Eleanormary"},"image":{"@id":"https:\/\/eleanormary.com\/#\/schema\/logo\/image\/"},"sameAs":["https:\/\/www.facebook.com\/lesvoilesdeleanormary\/"]}]}},"_links":{"self":[{"href":"https:\/\/eleanormary.com\/en\/wp-json\/wp\/v2\/pages\/37","targetHints":{"allow":["GET"]}}],"collection":[{"href":"https:\/\/eleanormary.com\/en\/wp-json\/wp\/v2\/pages"}],"about":[{"href":"https:\/\/eleanormary.com\/en\/wp-json\/wp\/v2\/types\/page"}],"author":[{"embeddable":true,"href":"https:\/\/eleanormary.com\/en\/wp-json\/wp\/v2\/users\/2"}],"replies":[{"embeddable":true,"href":"https:\/\/eleanormary.com\/en\/wp-json\/wp\/v2\/comments?post=37"}],"version-history":[{"count":0,"href":"https:\/\/eleanormary.com\/en\/wp-json\/wp\/v2\/pages\/37\/revisions"}],"wp:attachment":[{"href":"https:\/\/eleanormary.com\/en\/wp-json\/wp\/v2\/media?parent=37"}],"curies":[{"name":"wp","href":"https:\/\/api.w.org\/{rel}","templated":true}]}}