{"id":820,"date":"2020-05-19T11:54:11","date_gmt":"2020-05-19T09:54:11","guid":{"rendered":"http:\/\/ledonduvent.com\/?page_id=820"},"modified":"2025-10-15T15:38:24","modified_gmt":"2025-10-15T13:38:24","slug":"journee-calanques","status":"publish","type":"page","link":"https:\/\/eleanormary.com\/en\/journee-calanques\/","title":{"rendered":"Calanques Day"},"content":{"rendered":"<div class=\"vc_row wpb_row vc_row-fluid\" ><div class=\"wpb_column vc_column_container vc_col-sm-12\"><div class=\"vc_column-inner\"><div class=\"wpb_wrapper\"><\/div><\/div><\/div><\/div><div class=\"vc_row wpb_row vc_row-fluid billetterie journee\" ><div class=\"wpb_column vc_column_container vc_col-sm-6\"><div class=\"vc_column-inner\"><div class=\"wpb_wrapper\">\n\t<div class=\"wpb_raw_code wpb_content_element wpb_raw_html\" >\n\t\t<div class=\"wpb_wrapper\">\n\t\t\t<template id=\"product-catalog-widget-styles\">\n<style>\n\n.regiondo-widget .regiondo-calendar .DayPicker-Day--red .day {\n    background:#fef8f1;\n    color:#fba8b5;\n}\n<\/style>\n<\/template>\n<booking-widget widget-id=\"1de81705-98e8-4a05-a53d-6f42fbb010cd\"><\/booking-widget><script type=\"text\/javascript\" src=\"https:\/\/widgets.regiondo.net\/booking\/v1\/booking-widget.min.js\"><\/script>\n\n\n\t\t<\/div>\n\t<\/div>\n\n\t<div class=\"wpb_text_column wpb_content_element\" >\n\t\t<div class=\"wpb_wrapper\">\n\t\t\t<pre><img loading=\"lazy\" decoding=\"async\" class=\"alignnone size-full wp-image-1704\" src=\"https:\/\/ledonduvent.com\/wp-content\/uploads\/ancv.jpg\" alt=\"\" width=\"200\" height=\"65\" \/>\r\nPour payer en ch\u00e8ques-vacances papier : prenez uniquement des tickets \"Acompte Ch\u00e8ques-Vacances\" (autant de tickets que de participants). L'\u00e9quipage vous demandera les ch\u00e8ques-vacances \u00e0 l'embarquement. Pensez \u00e0 faire l'appoint.\r\nPour payer en ANCV connect : prenez uniquement des tickets \"Acompte Ch\u00e8ques-Vacances\" (autant de tickets que de participants) et appelez-nous, nous vous enverrons un lien de paiement ANCV.<\/pre>\n<p><strong>Une question ? <a href=\"tel:0608797245\">+33 (0)6 08 79 72 45<\/a><\/strong><\/p>\n\n\t\t<\/div>\n\t<\/div>\n<\/div><\/div><\/div><div class=\"wpb_column vc_column_container vc_col-sm-6\"><div class=\"vc_column-inner vc_custom_1591254931884\"><div class=\"wpb_wrapper\">\n\t<div  class=\"wpb_single_image wpb_content_element vc_align_center\">\n\t\t\n\t\t<figure class=\"wpb_wrapper vc_figure\">\n\t\t\t<div class=\"vc_single_image-wrapper   vc_box_border_grey\"><img loading=\"lazy\" decoding=\"async\" class=\"vc_single_image-img\" src=\"https:\/\/eleanormary.com\/wp-content\/uploads\/Capture-de\u0301cran-2022-12-06-a\u0300-18.26.29-701x400.png\" width=\"701\" height=\"400\" alt=\"Capture d\u2019e\u0301cran 2022-12-06 a\u0300 18.26.29\" title=\"Capture d\u2019e\u0301cran 2022-12-06 a\u0300 18.26.29\" \/><\/div>\n\t\t<\/figure>\n\t<\/div>\n\n\t<div class=\"wpb_text_column wpb_content_element\" >\n\t\t<div class=\"wpb_wrapper\">\n\t\t\t<p><strong>Embarquez le temps d&rsquo;une journ\u00e9e sur Eleanor Mary, un voilier d&rsquo;exception.<\/strong><\/p>\n<p>Prenez votre maillot, on s&rsquo;occupe du reste ! Notre \u00e9quipage vous fera d\u00e9couvrir les coins les plus secrets des calanques de Riou, Morgiou, Sugiton ou de la C\u00f4te Bleue. Nous ferons escale quelques heures, le temps du d\u00e9jeuner et de la baignade. Si le temps le permet, l&rsquo;\u00e9quipage vous offrira la magie de la navigation traditionnelle \u00e0 la voile.<\/p>\n<p>Seront \u00e0 votre disposition masques et tubas, ainsi que des ceintures de nage.<\/p>\n<p><strong>&#8211; Embarquement \u00e0 10:00<\/strong> sur le Quai d&rsquo;Honneur du Vieux Port (ponton n\u00b02), devant l&rsquo;H\u00f4tel de Ville<br \/>\n<strong>&#8211; Accueil th\u00e9, caf\u00e9, boissons fra\u00eeches<\/strong><br \/>\n<strong>&#8211; D\u00e9jeuner inclus : buffet frais fa\u00e7on \u00ab\u00a0retour de march\u00e9\u00a0\u00bb pr\u00e9par\u00e9 par notre chef<\/strong><br \/>\n<strong>&#8211; Ros\u00e9 et blanc <\/strong>bio inclus (et on pr\u00e9voit large !)<br \/>\n<strong>&#8211; Softs inclus<\/strong><br \/>\n<strong>&#8211; Retour au port \u00e0 17:00<\/strong><\/p>\n\n\t\t<\/div>\n\t<\/div>\n<div class=\"vc_btn3-container vc_btn3-center\" >\n\t<a onmouseleave=\"this.style.borderColor='#505d5e'; this.style.backgroundColor='transparent'; this.style.color='#505d5e'\" onmouseenter=\"this.style.borderColor='#fce3c7'; this.style.backgroundColor='#fce3c7'; this.style.color='#ffffff';\" style=\"border-color:#505d5e; color:#505d5e;\" class=\"vc_general vc_btn3 vc_btn3-size-lg vc_btn3-shape-square vc_btn3-style-outline-custom\" href=\"https:\/\/eleanormary.com\/wp-content\/uploads\/Billetterie-DDV-Menu-a-bord.pdf\" title=\"MENU\" target=\"_blank\">Menu \u00e0 bord<\/a><\/div>\n<div class=\"vc_separator wpb_content_element vc_separator_align_center vc_sep_width_100 vc_sep_border_width_2 vc_sep_pos_align_center vc_separator_no_text vc_sep_color_chino\" ><span class=\"vc_sep_holder vc_sep_holder_l\"><span  class=\"vc_sep_line\"><\/span><\/span><span class=\"vc_sep_holder vc_sep_holder_r\"><span  class=\"vc_sep_line\"><\/span><\/span>\n<\/div>\n\t<div class=\"wpb_text_column wpb_content_element\" >\n\t\t<div class=\"wpb_wrapper\">\n\t\t\t<p><em>La sortie sera annul\u00e9e et rembours\u00e9e int\u00e9gralement en cas de mauvaises conditions m\u00e9t\u00e9o.<\/em><br \/>\n<em>Au del\u00e0 de 6 mois de grossesse l&#8217;embarquement pourra vous \u00eatre refus\u00e9 en cas de houle. L&rsquo;accord de votre m\u00e9decin est n\u00e9cessaire pour toute sortie en mer au cours de la grossesse. Il est demand\u00e9 aux passagers de porter une tenue adapt\u00e9e \u00e0 la navigation : tennis ou chaussures bateau, v\u00eatements confortables, chapeau ou casquette, cr\u00e8me solaire et lunettes de soleil.<\/em><\/p>\n\n\t\t<\/div>\n\t<\/div>\n<div class=\"vc_separator wpb_content_element vc_separator_align_center vc_sep_width_100 vc_sep_border_width_2 vc_sep_pos_align_center vc_separator_no_text vc_sep_color_chino\" ><span class=\"vc_sep_holder vc_sep_holder_l\"><span  class=\"vc_sep_line\"><\/span><\/span><span class=\"vc_sep_holder vc_sep_holder_r\"><span  class=\"vc_sep_line\"><\/span><\/span>\n<\/div>\n\t<div class=\"wpb_text_column wpb_content_element  vc_custom_1591270101600 orange\" >\n\t\t<div class=\"wpb_wrapper\">\n\t\t\t<p><strong>Pour \u00eatre inform\u00e9 des prochaines dates de sorties en mer, laissez-nous votre email !<\/strong><\/p>\n\n\t\t<\/div>\n\t<\/div>\n\n<div class=\"wpcf7 no-js\" id=\"wpcf7-f1467-o1\" lang=\"fr-FR\" dir=\"ltr\" data-wpcf7-id=\"1467\">\n<div class=\"screen-reader-response\"><p role=\"status\" aria-live=\"polite\" aria-atomic=\"true\"><\/p> <ul><\/ul><\/div>\n<form action=\"\/en\/wp-json\/wp\/v2\/pages\/820#wpcf7-f1467-o1\" method=\"post\" class=\"wpcf7-form init\" aria-label=\"Formulaire de contact\" novalidate=\"novalidate\" data-status=\"init\" data-trp-original-action=\"\/en\/wp-json\/wp\/v2\/pages\/820#wpcf7-f1467-o1\">\n<fieldset class=\"hidden-fields-container\"><input type=\"hidden\" name=\"_wpcf7\" value=\"1467\" \/><input type=\"hidden\" name=\"_wpcf7_version\" value=\"6.1\" \/><input type=\"hidden\" name=\"_wpcf7_locale\" value=\"fr_FR\" \/><input type=\"hidden\" name=\"_wpcf7_unit_tag\" value=\"wpcf7-f1467-o1\" \/><input type=\"hidden\" name=\"_wpcf7_container_post\" value=\"0\" \/><input type=\"hidden\" name=\"_wpcf7_posted_data_hash\" value=\"\" \/>\n<\/fieldset>\n<p><label><span class=\"wpcf7-form-control-wrap\" data-name=\"your-email\"><input size=\"40\" maxlength=\"400\" class=\"wpcf7-form-control wpcf7-email wpcf7-validates-as-required wpcf7-text wpcf7-validates-as-email\" aria-required=\"true\" aria-invalid=\"false\" placeholder=\"Email :\" value=\"\" type=\"email\" name=\"your-email\" \/><\/span><\/label>\n<\/p>\n<p style=\"text-align: center;\"><span class=\"wpcf7-form-control-wrap\" data-name=\"newsletter-accept\"><span class=\"wpcf7-form-control wpcf7-checkbox\"><span class=\"wpcf7-list-item first last\"><input type=\"checkbox\" name=\"newsletter-accept[]\" value=\"Je veux aussi m\u2019abonner \u00e0 la newsletter\" \/><span class=\"wpcf7-list-item-label\">Je veux aussi m\u2019abonner \u00e0 la newsletter<\/span><\/span><\/span><\/span>\n<\/p>\n<p style=\"text-align: center;\"><input class=\"wpcf7-form-control wpcf7-submit has-spinner\" type=\"submit\" value=\"Ok\" \/>\n<\/p><div class=\"wpcf7-response-output\" aria-hidden=\"true\"><\/div>\n<input type=\"hidden\" name=\"trp-form-language\" value=\"en\"\/><\/form>\n<\/div>\n<\/div><\/div><\/div><\/div><div class=\"vc_row wpb_row vc_row-fluid\" ><div class=\"wpb_column vc_column_container vc_col-sm-12\"><div class=\"vc_column-inner\"><div class=\"wpb_wrapper\"><\/div><\/div><\/div><\/div>","protected":false},"excerpt":{"rendered":".regiondo-widget .regiondo-calendar .DayPicker-Day--red .day { background:#fef8f1; color:#fba8b5; } Pour payer en ch\u00e8ques-vacances papier : prenez uniquement des tickets \"Acompte Ch\u00e8ques-Vacances\" (autant de tickets que de participants). L'\u00e9quipage vous demandera les ch\u00e8ques-vacances \u00e0 l'embarquement. Pensez \u00e0 faire l'appoint. Pour payer en [...]","protected":false},"author":2,"featured_media":0,"parent":0,"menu_order":0,"comment_status":"closed","ping_status":"closed","template":"","meta":{"footnotes":""},"class_list":["post-820","page","type-page","status-publish","hentry"],"yoast_head":"<!-- This site is optimized with the Yoast SEO plugin v25.5 - https:\/\/yoast.com\/wordpress\/plugins\/seo\/ -->\n<title>Journ\u00e9e Calanques | Les Voiles d&#039;Eleanor Mary<\/title>\n<meta name=\"description\" content=\"R\u00e9servez une Journ\u00e9e Calanques : Le Don du Vent vous accueille \u00e0 bord pour des navigations authentiques.S\u00e9minaires, r\u00e9unions de travail, redynamisation, r\u00e9ception, d\u00e9tente, incentive\u2026Avec 44 personnes en mer et 100 personnes \u00e0 quai, le voilier offre une capacit\u00e9 d\u2019accueil rare.En mer ou \u00e0 quai,votre \u00e9v\u00e9nement sur mesure ! Location de Voilier \u00e0 Marseille - Le Don du Vent - Bateau d\u2019Int\u00e9r\u00eat Patrimonial - Parc des Calanques. Contacts : BENO\u00ceT BOUCHET, FANNY BOUCHET, BENO\u00ceT PAYAN\" \/>\n<meta name=\"robots\" content=\"index, follow, max-snippet:-1, max-image-preview:large, max-video-preview:-1\" \/>\n<link rel=\"canonical\" href=\"https:\/\/ledonduvent.com\/journee-calanques\/\" \/>\n<meta property=\"og:locale\" content=\"en_GB\" \/>\n<meta property=\"og:type\" content=\"article\" \/>\n<meta property=\"og:title\" content=\"Journ\u00e9e Calanques | Les Voiles d&#039;Eleanor Mary\" \/>\n<meta property=\"og:description\" content=\"R\u00e9servez une Journ\u00e9e Calanques : Le Don du Vent vous accueille \u00e0 bord pour des navigations authentiques.S\u00e9minaires, r\u00e9unions de travail, redynamisation, r\u00e9ception, d\u00e9tente, incentive\u2026Avec 44 personnes en mer et 100 personnes \u00e0 quai, le voilier offre une capacit\u00e9 d\u2019accueil rare.En mer ou \u00e0 quai,votre \u00e9v\u00e9nement sur mesure ! Location de Voilier \u00e0 Marseille - Le Don du Vent - Bateau d\u2019Int\u00e9r\u00eat Patrimonial - Parc des Calanques. Contacts : BENO\u00ceT BOUCHET, FANNY BOUCHET, BENO\u00ceT PAYAN\" \/>\n<meta property=\"og:url\" content=\"https:\/\/ledonduvent.com\/journee-calanques\/\" \/>\n<meta property=\"og:site_name\" content=\"Les Voiles d&#039;Eleanor Mary\" \/>\n<meta property=\"article:publisher\" content=\"https:\/\/www.facebook.com\/lesvoilesdeleanormary\/\" \/>\n<meta property=\"article:modified_time\" content=\"2025-10-15T13:38:24+00:00\" \/>\n<meta property=\"og:image\" content=\"https:\/\/eleanormary.com\/wp-content\/uploads\/bg-socialshare-eleanor.png\" \/>\n\t<meta property=\"og:image:width\" content=\"2480\" \/>\n\t<meta property=\"og:image:height\" content=\"869\" \/>\n\t<meta property=\"og:image:type\" content=\"image\/png\" \/>\n<meta name=\"twitter:card\" content=\"summary_large_image\" \/>\n<meta name=\"twitter:label1\" content=\"Estimated reading time\" \/>\n\t<meta name=\"twitter:data1\" content=\"2 minutes\" \/>\n<script type=\"application\/ld+json\" class=\"yoast-schema-graph\">{\"@context\":\"https:\/\/schema.org\",\"@graph\":[{\"@type\":\"WebPage\",\"@id\":\"https:\/\/eleanormary.com\/journee-calanques\/\",\"url\":\"https:\/\/ledonduvent.com\/journee-calanques\/\",\"name\":\"Journ\u00e9e Calanques | Les Voiles d&#039;Eleanor Mary\",\"isPartOf\":{\"@id\":\"https:\/\/eleanormary.com\/#website\"},\"primaryImageOfPage\":{\"@id\":\"https:\/\/ledonduvent.com\/journee-calanques\/#primaryimage\"},\"image\":{\"@id\":\"https:\/\/ledonduvent.com\/journee-calanques\/#primaryimage\"},\"thumbnailUrl\":\"https:\/\/ledonduvent.com\/wp-content\/uploads\/ancv.jpg\",\"datePublished\":\"2020-05-19T09:54:11+00:00\",\"dateModified\":\"2025-10-15T13:38:24+00:00\",\"description\":\"R\u00e9servez une Journ\u00e9e Calanques : Le Don du Vent vous accueille \u00e0 bord pour des navigations authentiques.S\u00e9minaires, r\u00e9unions de travail, redynamisation, r\u00e9ception, d\u00e9tente, incentive\u2026Avec 44 personnes en mer et 100 personnes \u00e0 quai, le voilier offre une capacit\u00e9 d\u2019accueil rare.En mer ou \u00e0 quai,votre \u00e9v\u00e9nement sur mesure ! Location de Voilier \u00e0 Marseille - Le Don du Vent - Bateau d\u2019Int\u00e9r\u00eat Patrimonial - Parc des Calanques. Contacts : BENO\u00ceT BOUCHET, FANNY BOUCHET, BENO\u00ceT PAYAN\",\"breadcrumb\":{\"@id\":\"https:\/\/ledonduvent.com\/journee-calanques\/#breadcrumb\"},\"inLanguage\":\"en-GB\",\"potentialAction\":[{\"@type\":\"ReadAction\",\"target\":[\"https:\/\/ledonduvent.com\/journee-calanques\/\"]}]},{\"@type\":\"ImageObject\",\"inLanguage\":\"en-GB\",\"@id\":\"https:\/\/ledonduvent.com\/journee-calanques\/#primaryimage\",\"url\":\"https:\/\/ledonduvent.com\/wp-content\/uploads\/ancv.jpg\",\"contentUrl\":\"https:\/\/ledonduvent.com\/wp-content\/uploads\/ancv.jpg\"},{\"@type\":\"BreadcrumbList\",\"@id\":\"https:\/\/ledonduvent.com\/journee-calanques\/#breadcrumb\",\"itemListElement\":[{\"@type\":\"ListItem\",\"position\":1,\"name\":\"Accueil\",\"item\":\"https:\/\/eleanormary.com\/\"},{\"@type\":\"ListItem\",\"position\":2,\"name\":\"Journ\u00e9e Calanques\"}]},{\"@type\":\"WebSite\",\"@id\":\"https:\/\/eleanormary.com\/#website\",\"url\":\"https:\/\/eleanormary.com\/\",\"name\":\"Les Voiles d'Eleanor Mary\",\"description\":\"Cotre pilote pi\u00e8ce unique | Construit par Nigel Irens et Ed Burnett | R\u00e9plique du Marguerite T. de 1895\",\"publisher\":{\"@id\":\"https:\/\/eleanormary.com\/#organization\"},\"potentialAction\":[{\"@type\":\"SearchAction\",\"target\":{\"@type\":\"EntryPoint\",\"urlTemplate\":\"https:\/\/eleanormary.com\/?s={search_term_string}\"},\"query-input\":{\"@type\":\"PropertyValueSpecification\",\"valueRequired\":true,\"valueName\":\"search_term_string\"}}],\"inLanguage\":\"en-GB\"},{\"@type\":\"Organization\",\"@id\":\"https:\/\/eleanormary.com\/#organization\",\"name\":\"Eleanormary\",\"url\":\"https:\/\/eleanormary.com\/\",\"logo\":{\"@type\":\"ImageObject\",\"inLanguage\":\"en-GB\",\"@id\":\"https:\/\/eleanormary.com\/#\/schema\/logo\/image\/\",\"url\":\"https:\/\/eleanormary.com\/wp-content\/uploads\/facebook-ledonduvent.jpg\",\"contentUrl\":\"https:\/\/eleanormary.com\/wp-content\/uploads\/facebook-ledonduvent.jpg\",\"width\":1200,\"height\":630,\"caption\":\"Eleanormary\"},\"image\":{\"@id\":\"https:\/\/eleanormary.com\/#\/schema\/logo\/image\/\"},\"sameAs\":[\"https:\/\/www.facebook.com\/lesvoilesdeleanormary\/\"]}]}<\/script>\n<!-- \/ Yoast SEO plugin. -->","yoast_head_json":{"title":"Journ\u00e9e Calanques | Les Voiles d&#039;Eleanor Mary","description":"R\u00e9servez une Journ\u00e9e Calanques : Le Don du Vent vous accueille \u00e0 bord pour des navigations authentiques.S\u00e9minaires, r\u00e9unions de travail, redynamisation, r\u00e9ception, d\u00e9tente, incentive\u2026Avec 44 personnes en mer et 100 personnes \u00e0 quai, le voilier offre une capacit\u00e9 d\u2019accueil rare.En mer ou \u00e0 quai,votre \u00e9v\u00e9nement sur mesure ! Location de Voilier \u00e0 Marseille - Le Don du Vent - Bateau d\u2019Int\u00e9r\u00eat Patrimonial - Parc des Calanques. Contacts : BENO\u00ceT BOUCHET, FANNY BOUCHET, BENO\u00ceT PAYAN","robots":{"index":"index","follow":"follow","max-snippet":"max-snippet:-1","max-image-preview":"max-image-preview:large","max-video-preview":"max-video-preview:-1"},"canonical":"https:\/\/ledonduvent.com\/journee-calanques\/","og_locale":"en_GB","og_type":"article","og_title":"Journ\u00e9e Calanques | Les Voiles d&#039;Eleanor Mary","og_description":"R\u00e9servez une Journ\u00e9e Calanques : Le Don du Vent vous accueille \u00e0 bord pour des navigations authentiques.S\u00e9minaires, r\u00e9unions de travail, redynamisation, r\u00e9ception, d\u00e9tente, incentive\u2026Avec 44 personnes en mer et 100 personnes \u00e0 quai, le voilier offre une capacit\u00e9 d\u2019accueil rare.En mer ou \u00e0 quai,votre \u00e9v\u00e9nement sur mesure ! Location de Voilier \u00e0 Marseille - Le Don du Vent - Bateau d\u2019Int\u00e9r\u00eat Patrimonial - Parc des Calanques. Contacts : BENO\u00ceT BOUCHET, FANNY BOUCHET, BENO\u00ceT PAYAN","og_url":"https:\/\/ledonduvent.com\/journee-calanques\/","og_site_name":"Les Voiles d&#039;Eleanor Mary","article_publisher":"https:\/\/www.facebook.com\/lesvoilesdeleanormary\/","article_modified_time":"2025-10-15T13:38:24+00:00","og_image":[{"width":2480,"height":869,"url":"https:\/\/eleanormary.com\/wp-content\/uploads\/bg-socialshare-eleanor.png","type":"image\/png"}],"twitter_card":"summary_large_image","twitter_misc":{"Estimated reading time":"2 minutes"},"schema":{"@context":"https:\/\/schema.org","@graph":[{"@type":"WebPage","@id":"https:\/\/eleanormary.com\/journee-calanques\/","url":"https:\/\/ledonduvent.com\/journee-calanques\/","name":"Journ\u00e9e Calanques | Les Voiles d&#039;Eleanor Mary","isPartOf":{"@id":"https:\/\/eleanormary.com\/#website"},"primaryImageOfPage":{"@id":"https:\/\/ledonduvent.com\/journee-calanques\/#primaryimage"},"image":{"@id":"https:\/\/ledonduvent.com\/journee-calanques\/#primaryimage"},"thumbnailUrl":"https:\/\/ledonduvent.com\/wp-content\/uploads\/ancv.jpg","datePublished":"2020-05-19T09:54:11+00:00","dateModified":"2025-10-15T13:38:24+00:00","description":"R\u00e9servez une Journ\u00e9e Calanques : Le Don du Vent vous accueille \u00e0 bord pour des navigations authentiques.S\u00e9minaires, r\u00e9unions de travail, redynamisation, r\u00e9ception, d\u00e9tente, incentive\u2026Avec 44 personnes en mer et 100 personnes \u00e0 quai, le voilier offre une capacit\u00e9 d\u2019accueil rare.En mer ou \u00e0 quai,votre \u00e9v\u00e9nement sur mesure ! Location de Voilier \u00e0 Marseille - Le Don du Vent - Bateau d\u2019Int\u00e9r\u00eat Patrimonial - Parc des Calanques. Contacts : BENO\u00ceT BOUCHET, FANNY BOUCHET, BENO\u00ceT PAYAN","breadcrumb":{"@id":"https:\/\/ledonduvent.com\/journee-calanques\/#breadcrumb"},"inLanguage":"en-GB","potentialAction":[{"@type":"ReadAction","target":["https:\/\/ledonduvent.com\/journee-calanques\/"]}]},{"@type":"ImageObject","inLanguage":"en-GB","@id":"https:\/\/ledonduvent.com\/journee-calanques\/#primaryimage","url":"https:\/\/ledonduvent.com\/wp-content\/uploads\/ancv.jpg","contentUrl":"https:\/\/ledonduvent.com\/wp-content\/uploads\/ancv.jpg"},{"@type":"BreadcrumbList","@id":"https:\/\/ledonduvent.com\/journee-calanques\/#breadcrumb","itemListElement":[{"@type":"ListItem","position":1,"name":"Accueil","item":"https:\/\/eleanormary.com\/"},{"@type":"ListItem","position":2,"name":"Journ\u00e9e Calanques"}]},{"@type":"WebSite","@id":"https:\/\/eleanormary.com\/#website","url":"https:\/\/eleanormary.com\/","name":"Les Voiles d'Eleanor Mary","description":"Cotre pilote pi\u00e8ce unique | Construit par Nigel Irens et Ed Burnett | R\u00e9plique du Marguerite T. de 1895","publisher":{"@id":"https:\/\/eleanormary.com\/#organization"},"potentialAction":[{"@type":"SearchAction","target":{"@type":"EntryPoint","urlTemplate":"https:\/\/eleanormary.com\/?s={search_term_string}"},"query-input":{"@type":"PropertyValueSpecification","valueRequired":true,"valueName":"search_term_string"}}],"inLanguage":"en-GB"},{"@type":"Organization","@id":"https:\/\/eleanormary.com\/#organization","name":"Eleanormary","url":"https:\/\/eleanormary.com\/","logo":{"@type":"ImageObject","inLanguage":"en-GB","@id":"https:\/\/eleanormary.com\/#\/schema\/logo\/image\/","url":"https:\/\/eleanormary.com\/wp-content\/uploads\/facebook-ledonduvent.jpg","contentUrl":"https:\/\/eleanormary.com\/wp-content\/uploads\/facebook-ledonduvent.jpg","width":1200,"height":630,"caption":"Eleanormary"},"image":{"@id":"https:\/\/eleanormary.com\/#\/schema\/logo\/image\/"},"sameAs":["https:\/\/www.facebook.com\/lesvoilesdeleanormary\/"]}]}},"_links":{"self":[{"href":"https:\/\/eleanormary.com\/en\/wp-json\/wp\/v2\/pages\/820","targetHints":{"allow":["GET"]}}],"collection":[{"href":"https:\/\/eleanormary.com\/en\/wp-json\/wp\/v2\/pages"}],"about":[{"href":"https:\/\/eleanormary.com\/en\/wp-json\/wp\/v2\/types\/page"}],"author":[{"embeddable":true,"href":"https:\/\/eleanormary.com\/en\/wp-json\/wp\/v2\/users\/2"}],"replies":[{"embeddable":true,"href":"https:\/\/eleanormary.com\/en\/wp-json\/wp\/v2\/comments?post=820"}],"version-history":[{"count":0,"href":"https:\/\/eleanormary.com\/en\/wp-json\/wp\/v2\/pages\/820\/revisions"}],"wp:attachment":[{"href":"https:\/\/eleanormary.com\/en\/wp-json\/wp\/v2\/media?parent=820"}],"curies":[{"name":"wp","href":"https:\/\/api.w.org\/{rel}","templated":true}]}}